{"id":93,"date":"2024-02-14T18:30:44","date_gmt":"2024-02-14T17:30:44","guid":{"rendered":"https:\/\/touttacotlimouxin.fr\/?page_id=93"},"modified":"2025-12-12T13:24:38","modified_gmt":"2025-12-12T12:24:38","slug":"notre-club","status":"publish","type":"page","link":"https:\/\/touttacotlimouxin.fr\/index.php\/notre-club\/","title":{"rendered":"Notre club"},"content":{"rendered":"\n<p>Le <strong>Tout Tacot Limouxin (TTL)<\/strong> est une association \u00e0 but non-lucratif, r\u00e9gie par la loi 1901. Elle est destin\u00e9e \u00e0 favoriser la conservation, la restauration, la mise en valeur de tous les v\u00e9hicules m\u00e9caniques anciens (automobiles, motocyclettes, tracteurs). Le TTL est adh\u00e8rent n\u00b01012 \u00e0 la <a href=\"http:\/\/http\/www.ffve.org\/\" target=\"_blank\" rel=\"noreferrer noopener\">F\u00e9d\u00e9ration Fran\u00e7aise de V\u00e9hicules d\u2019\u00c9poque<\/a>.<\/p>\n\n\n\n<p>Nos membres, de Limoux ou sa r\u00e9gion, fran\u00e7ais ou \u00e9trangers partagent la m\u00eame passion pour les v\u00e9hicules anciens de toutes \u00e9poques (des anc\u00eatres aux young timers) et de tous types (du tracteur Lanz \u00e0 la Rolls-Royce en passant par le Solex). Nous organisons des vir\u00e9es dans la r\u00e9gion et participons \u00e0 des expositions et \u00e9v\u00e9nements divers tout au long de l\u2019ann\u00e9e.<\/p>\n\n\n\n<p>Nous nous r\u00e9unissons le 2\u00e8me jeudi de chaque mois \u00e0 21h au 36 Avenue Oscar Roug\u00e9 \u00e0 Limoux pour \u00e9changer et planifier les \u00e9v\u00e9nements \u00e0 venir. Ces r\u00e9unions sont ouvertes \u00e0 tous. Voir la prochaine r\u00e9union dans l\u2019agenda<\/p>\n","protected":false},"excerpt":{"rendered":"<p>Le Tout Tacot Limouxin (TTL) est une association \u00e0 but non-lucratif, r\u00e9gie par la loi 1901. Elle est destin\u00e9e \u00e0 favoriser la conservation, la restauration, la mise en valeur de tous les v\u00e9hicules m\u00e9caniques anciens (automobiles, motocyclettes, tracteurs). Le TTL &hellip; <a href=\"https:\/\/touttacotlimouxin.fr\/index.php\/notre-club\/\">Continuer la lecture <span class=\"meta-nav\">&rarr;<\/span><\/a><\/p>\n","protected":false},"author":1,"featured_media":0,"parent":0,"menu_order":0,"comment_status":"closed","ping_status":"closed","template":"","meta":{"footnotes":""},"class_list":["post-93","page","type-page","status-publish","hentry"],"yoast_head":"<!-- This site is optimized with the Yoast SEO plugin v27.4 - https:\/\/yoast.com\/product\/yoast-seo-wordpress\/ -->\n<title>Notre club - Tout Tacot Limouxin<\/title>\n<meta name=\"robots\" content=\"index, follow, max-snippet:-1, max-image-preview:large, max-video-preview:-1\" \/>\n<link rel=\"canonical\" href=\"https:\/\/touttacotlimouxin.fr\/index.php\/notre-club\/\" \/>\n<meta property=\"og:locale\" content=\"fr_FR\" \/>\n<meta property=\"og:type\" content=\"article\" \/>\n<meta property=\"og:title\" content=\"Notre club - Tout Tacot Limouxin\" \/>\n<meta property=\"og:description\" content=\"Le Tout Tacot Limouxin (TTL) est une association \u00e0 but non-lucratif, r\u00e9gie par la loi 1901. Elle est destin\u00e9e \u00e0 favoriser la conservation, la restauration, la mise en valeur de tous les v\u00e9hicules m\u00e9caniques anciens (automobiles, motocyclettes, tracteurs). Le TTL &hellip; Continuer la lecture &rarr;\" \/>\n<meta property=\"og:url\" content=\"https:\/\/touttacotlimouxin.fr\/index.php\/notre-club\/\" \/>\n<meta property=\"og:site_name\" content=\"Tout Tacot Limouxin\" \/>\n<meta property=\"article:publisher\" content=\"https:\/\/www.facebook.com\/touttacotlimouxin\" \/>\n<meta property=\"article:modified_time\" content=\"2025-12-12T12:24:38+00:00\" \/>\n<meta name=\"twitter:card\" content=\"summary_large_image\" \/>\n<meta name=\"twitter:label1\" content=\"Dur\u00e9e de lecture estim\u00e9e\" \/>\n\t<meta name=\"twitter:data1\" content=\"1 minute\" \/>\n<script type=\"application\/ld+json\" class=\"yoast-schema-graph\">{\"@context\":\"https:\\\/\\\/schema.org\",\"@graph\":[{\"@type\":\"WebPage\",\"@id\":\"https:\\\/\\\/touttacotlimouxin.fr\\\/index.php\\\/notre-club\\\/\",\"url\":\"https:\\\/\\\/touttacotlimouxin.fr\\\/index.php\\\/notre-club\\\/\",\"name\":\"Notre club - Tout Tacot Limouxin\",\"isPartOf\":{\"@id\":\"https:\\\/\\\/touttacotlimouxin.fr\\\/#website\"},\"datePublished\":\"2024-02-14T17:30:44+00:00\",\"dateModified\":\"2025-12-12T12:24:38+00:00\",\"breadcrumb\":{\"@id\":\"https:\\\/\\\/touttacotlimouxin.fr\\\/index.php\\\/notre-club\\\/#breadcrumb\"},\"inLanguage\":\"fr-FR\",\"potentialAction\":[{\"@type\":\"ReadAction\",\"target\":[\"https:\\\/\\\/touttacotlimouxin.fr\\\/index.php\\\/notre-club\\\/\"]}]},{\"@type\":\"BreadcrumbList\",\"@id\":\"https:\\\/\\\/touttacotlimouxin.fr\\\/index.php\\\/notre-club\\\/#breadcrumb\",\"itemListElement\":[{\"@type\":\"ListItem\",\"position\":1,\"name\":\"Accueil\",\"item\":\"https:\\\/\\\/touttacotlimouxin.fr\\\/\"},{\"@type\":\"ListItem\",\"position\":2,\"name\":\"Notre club\"}]},{\"@type\":\"WebSite\",\"@id\":\"https:\\\/\\\/touttacotlimouxin.fr\\\/#website\",\"url\":\"https:\\\/\\\/touttacotlimouxin.fr\\\/\",\"name\":\"Tout Tacot Limouxin\",\"description\":\"\",\"publisher\":{\"@id\":\"https:\\\/\\\/touttacotlimouxin.fr\\\/#organization\"},\"potentialAction\":[{\"@type\":\"SearchAction\",\"target\":{\"@type\":\"EntryPoint\",\"urlTemplate\":\"https:\\\/\\\/touttacotlimouxin.fr\\\/?s={search_term_string}\"},\"query-input\":{\"@type\":\"PropertyValueSpecification\",\"valueRequired\":true,\"valueName\":\"search_term_string\"}}],\"inLanguage\":\"fr-FR\"},{\"@type\":\"Organization\",\"@id\":\"https:\\\/\\\/touttacotlimouxin.fr\\\/#organization\",\"name\":\"Tout Tacot Limouxin\",\"url\":\"https:\\\/\\\/touttacotlimouxin.fr\\\/\",\"logo\":{\"@type\":\"ImageObject\",\"inLanguage\":\"fr-FR\",\"@id\":\"https:\\\/\\\/touttacotlimouxin.fr\\\/#\\\/schema\\\/logo\\\/image\\\/\",\"url\":\"https:\\\/\\\/touttacotlimouxin.fr\\\/wp-content\\\/uploads\\\/2024\\\/02\\\/cropped-logo_ttl-2.png\",\"contentUrl\":\"https:\\\/\\\/touttacotlimouxin.fr\\\/wp-content\\\/uploads\\\/2024\\\/02\\\/cropped-logo_ttl-2.png\",\"width\":89,\"height\":89,\"caption\":\"Tout Tacot Limouxin\"},\"image\":{\"@id\":\"https:\\\/\\\/touttacotlimouxin.fr\\\/#\\\/schema\\\/logo\\\/image\\\/\"},\"sameAs\":[\"https:\\\/\\\/www.facebook.com\\\/touttacotlimouxin\"]}]}<\/script>\n<!-- \/ Yoast SEO plugin. -->","yoast_head_json":{"title":"Notre club - Tout Tacot Limouxin","robots":{"index":"index","follow":"follow","max-snippet":"max-snippet:-1","max-image-preview":"max-image-preview:large","max-video-preview":"max-video-preview:-1"},"canonical":"https:\/\/touttacotlimouxin.fr\/index.php\/notre-club\/","og_locale":"fr_FR","og_type":"article","og_title":"Notre club - Tout Tacot Limouxin","og_description":"Le Tout Tacot Limouxin (TTL) est une association \u00e0 but non-lucratif, r\u00e9gie par la loi 1901. Elle est destin\u00e9e \u00e0 favoriser la conservation, la restauration, la mise en valeur de tous les v\u00e9hicules m\u00e9caniques anciens (automobiles, motocyclettes, tracteurs). Le TTL &hellip; Continuer la lecture &rarr;","og_url":"https:\/\/touttacotlimouxin.fr\/index.php\/notre-club\/","og_site_name":"Tout Tacot Limouxin","article_publisher":"https:\/\/www.facebook.com\/touttacotlimouxin","article_modified_time":"2025-12-12T12:24:38+00:00","twitter_card":"summary_large_image","twitter_misc":{"Dur\u00e9e de lecture estim\u00e9e":"1 minute"},"schema":{"@context":"https:\/\/schema.org","@graph":[{"@type":"WebPage","@id":"https:\/\/touttacotlimouxin.fr\/index.php\/notre-club\/","url":"https:\/\/touttacotlimouxin.fr\/index.php\/notre-club\/","name":"Notre club - Tout Tacot Limouxin","isPartOf":{"@id":"https:\/\/touttacotlimouxin.fr\/#website"},"datePublished":"2024-02-14T17:30:44+00:00","dateModified":"2025-12-12T12:24:38+00:00","breadcrumb":{"@id":"https:\/\/touttacotlimouxin.fr\/index.php\/notre-club\/#breadcrumb"},"inLanguage":"fr-FR","potentialAction":[{"@type":"ReadAction","target":["https:\/\/touttacotlimouxin.fr\/index.php\/notre-club\/"]}]},{"@type":"BreadcrumbList","@id":"https:\/\/touttacotlimouxin.fr\/index.php\/notre-club\/#breadcrumb","itemListElement":[{"@type":"ListItem","position":1,"name":"Accueil","item":"https:\/\/touttacotlimouxin.fr\/"},{"@type":"ListItem","position":2,"name":"Notre club"}]},{"@type":"WebSite","@id":"https:\/\/touttacotlimouxin.fr\/#website","url":"https:\/\/touttacotlimouxin.fr\/","name":"Tout Tacot Limouxin","description":"","publisher":{"@id":"https:\/\/touttacotlimouxin.fr\/#organization"},"potentialAction":[{"@type":"SearchAction","target":{"@type":"EntryPoint","urlTemplate":"https:\/\/touttacotlimouxin.fr\/?s={search_term_string}"},"query-input":{"@type":"PropertyValueSpecification","valueRequired":true,"valueName":"search_term_string"}}],"inLanguage":"fr-FR"},{"@type":"Organization","@id":"https:\/\/touttacotlimouxin.fr\/#organization","name":"Tout Tacot Limouxin","url":"https:\/\/touttacotlimouxin.fr\/","logo":{"@type":"ImageObject","inLanguage":"fr-FR","@id":"https:\/\/touttacotlimouxin.fr\/#\/schema\/logo\/image\/","url":"https:\/\/touttacotlimouxin.fr\/wp-content\/uploads\/2024\/02\/cropped-logo_ttl-2.png","contentUrl":"https:\/\/touttacotlimouxin.fr\/wp-content\/uploads\/2024\/02\/cropped-logo_ttl-2.png","width":89,"height":89,"caption":"Tout Tacot Limouxin"},"image":{"@id":"https:\/\/touttacotlimouxin.fr\/#\/schema\/logo\/image\/"},"sameAs":["https:\/\/www.facebook.com\/touttacotlimouxin"]}]}},"_links":{"self":[{"href":"https:\/\/touttacotlimouxin.fr\/index.php\/wp-json\/wp\/v2\/pages\/93","targetHints":{"allow":["GET"]}}],"collection":[{"href":"https:\/\/touttacotlimouxin.fr\/index.php\/wp-json\/wp\/v2\/pages"}],"about":[{"href":"https:\/\/touttacotlimouxin.fr\/index.php\/wp-json\/wp\/v2\/types\/page"}],"author":[{"embeddable":true,"href":"https:\/\/touttacotlimouxin.fr\/index.php\/wp-json\/wp\/v2\/users\/1"}],"replies":[{"embeddable":true,"href":"https:\/\/touttacotlimouxin.fr\/index.php\/wp-json\/wp\/v2\/comments?post=93"}],"version-history":[{"count":0,"href":"https:\/\/touttacotlimouxin.fr\/index.php\/wp-json\/wp\/v2\/pages\/93\/revisions"}],"wp:attachment":[{"href":"https:\/\/touttacotlimouxin.fr\/index.php\/wp-json\/wp\/v2\/media?parent=93"}],"curies":[{"name":"wp","href":"https:\/\/api.w.org\/{rel}","templated":true}]}}