{"id":84,"date":"2024-02-14T18:28:17","date_gmt":"2024-02-14T17:28:17","guid":{"rendered":"https:\/\/touttacotlimouxin.fr\/?page_id=84"},"modified":"2025-12-14T15:47:06","modified_gmt":"2025-12-14T14:47:06","slug":"le-bureau","status":"publish","type":"page","link":"https:\/\/touttacotlimouxin.fr\/index.php\/le-bureau\/","title":{"rendered":"Le Bureau"},"content":{"rendered":"\n<p><strong>Pr\u00e9sident<\/strong>: <\/p>\n\n\n\n<p><strong>Vice-president<\/strong>: Pierre Fajal<\/p>\n\n\n\n<figure class=\"wp-block-image size-full is-resized\"><img loading=\"lazy\" decoding=\"async\" width=\"273\" height=\"307\" src=\"https:\/\/touttacotlimouxin.fr\/wp-content\/uploads\/2025\/01\/pierre-fajal.jpg\" alt=\"\" class=\"wp-image-669\" style=\"width:172px;height:auto\" srcset=\"https:\/\/touttacotlimouxin.fr\/wp-content\/uploads\/2025\/01\/pierre-fajal.jpg 273w, https:\/\/touttacotlimouxin.fr\/wp-content\/uploads\/2025\/01\/pierre-fajal-267x300.jpg 267w, https:\/\/touttacotlimouxin.fr\/wp-content\/uploads\/2025\/01\/pierre-fajal-21x24.jpg 21w, https:\/\/touttacotlimouxin.fr\/wp-content\/uploads\/2025\/01\/pierre-fajal-32x36.jpg 32w, https:\/\/touttacotlimouxin.fr\/wp-content\/uploads\/2025\/01\/pierre-fajal-43x48.jpg 43w\" sizes=\"auto, (max-width: 273px) 100vw, 273px\" \/><\/figure>\n\n\n\n<p><strong>Tr\u00e9sorier<\/strong>: G\u00e9rard Crou\u00e9<\/p>\n\n\n\n<figure class=\"wp-block-image size-full is-resized\"><img loading=\"lazy\" decoding=\"async\" width=\"75\" height=\"100\" src=\"https:\/\/touttacotlimouxin.fr\/wp-content\/uploads\/2024\/02\/croue-fill-75x100-1.jpg\" alt=\"\" class=\"wp-image-90\" style=\"width:176px;height:auto\"\/><\/figure>\n\n\n\n<p><strong>Secr\u00e9taire<\/strong>: Claude Jean<\/p>\n\n\n\n<figure class=\"wp-block-image size-full is-resized\"><img loading=\"lazy\" decoding=\"async\" width=\"75\" height=\"100\" src=\"https:\/\/touttacotlimouxin.fr\/wp-content\/uploads\/2024\/02\/jean-fill-75x100-1.jpg\" alt=\"\" class=\"wp-image-89\" style=\"width:169px;height:auto\"\/><\/figure>\n\n\n\n<p><strong>Pr\u00e9sident d&rsquo;honneur<\/strong><\/p>\n\n\n\n<p>Roger Macia<br>Pierre Fajal<\/p>\n\n\n\n<p><strong>Responsable de la section tracteurs<\/strong>:  Louis Vi\u00e9<\/p>\n\n\n\n<h1 class=\"wp-block-heading\"><br><strong>Pr\u00e9sident <\/strong>honoraire<\/h1>\n\n\n\n<figure class=\"wp-block-image size-full is-resized\"><img loading=\"lazy\" decoding=\"async\" width=\"150\" height=\"209\" src=\"https:\/\/touttacotlimouxin.fr\/wp-content\/uploads\/2024\/03\/11206.jpg\" alt=\"\" class=\"wp-image-328\" style=\"width:168px;height:auto\" srcset=\"https:\/\/touttacotlimouxin.fr\/wp-content\/uploads\/2024\/03\/11206.jpg 150w, https:\/\/touttacotlimouxin.fr\/wp-content\/uploads\/2024\/03\/11206-17x24.jpg 17w, https:\/\/touttacotlimouxin.fr\/wp-content\/uploads\/2024\/03\/11206-26x36.jpg 26w, https:\/\/touttacotlimouxin.fr\/wp-content\/uploads\/2024\/03\/11206-34x48.jpg 34w\" sizes=\"auto, (max-width: 150px) 100vw, 150px\" \/><\/figure>\n\n\n\n<h1 class=\"wp-block-heading\">M. Pierre Durant, maire de Limoux<br>Pr\u00e9sident de la communaut\u00e9 de communes du Limouxin<\/h1>\n\n\n\n<p><strong>Conseil d&rsquo;Administration<\/strong> <strong>2025<\/strong><\/p>\n\n\n\n<p>G\u00e9rard Crou\u00e9<\/p>\n\n\n\n<p>Christophe Fajal<\/p>\n\n\n\n<p>Pierre Fajal<\/p>\n\n\n\n<p>Michel Ferri\u00e8re<\/p>\n\n\n\n<p>Jacques Fransioli<\/p>\n\n\n\n<p>Claude Jean<\/p>\n\n\n\n<p>Roger Macia<\/p>\n\n\n\n<p>Patrick Molto<\/p>\n\n\n\n<p>Maurice Pailles<\/p>\n\n\n\n<p>Felix P\u00e9li<\/p>\n\n\n\n<p>Antonin Rumeau<\/p>\n\n\n\n<p>Ren\u00e9 Subias<\/p>\n\n\n\n<p>Louis Vi\u00e9<\/p>\n","protected":false},"excerpt":{"rendered":"<p>Pr\u00e9sident: Vice-president: Pierre Fajal Tr\u00e9sorier: G\u00e9rard Crou\u00e9 Secr\u00e9taire: Claude Jean Pr\u00e9sident d&rsquo;honneur Roger MaciaPierre Fajal Responsable de la section tracteurs: Louis Vi\u00e9 Pr\u00e9sident honoraire M. Pierre Durant, maire de LimouxPr\u00e9sident de la communaut\u00e9 de communes du Limouxin Conseil d&rsquo;Administration 2025 &hellip; <a href=\"https:\/\/touttacotlimouxin.fr\/index.php\/le-bureau\/\">Continuer la lecture <span class=\"meta-nav\">&rarr;<\/span><\/a><\/p>\n","protected":false},"author":1,"featured_media":0,"parent":0,"menu_order":0,"comment_status":"closed","ping_status":"closed","template":"","meta":{"footnotes":""},"class_list":["post-84","page","type-page","status-publish","hentry"],"yoast_head":"<!-- This site is optimized with the Yoast SEO plugin v27.4 - https:\/\/yoast.com\/product\/yoast-seo-wordpress\/ -->\n<title>Le Bureau - Tout Tacot Limouxin<\/title>\n<meta name=\"robots\" content=\"index, follow, max-snippet:-1, max-image-preview:large, max-video-preview:-1\" \/>\n<link rel=\"canonical\" href=\"https:\/\/touttacotlimouxin.fr\/index.php\/le-bureau\/\" \/>\n<meta property=\"og:locale\" content=\"fr_FR\" \/>\n<meta property=\"og:type\" content=\"article\" \/>\n<meta property=\"og:title\" content=\"Le Bureau - Tout Tacot Limouxin\" \/>\n<meta property=\"og:description\" content=\"Pr\u00e9sident: Vice-president: Pierre Fajal Tr\u00e9sorier: G\u00e9rard Crou\u00e9 Secr\u00e9taire: Claude Jean Pr\u00e9sident d&rsquo;honneur Roger MaciaPierre Fajal Responsable de la section tracteurs: Louis Vi\u00e9 Pr\u00e9sident honoraire M. Pierre Durant, maire de LimouxPr\u00e9sident de la communaut\u00e9 de communes du Limouxin Conseil d&rsquo;Administration 2025 &hellip; Continuer la lecture &rarr;\" \/>\n<meta property=\"og:url\" content=\"https:\/\/touttacotlimouxin.fr\/index.php\/le-bureau\/\" \/>\n<meta property=\"og:site_name\" content=\"Tout Tacot Limouxin\" \/>\n<meta property=\"article:publisher\" content=\"https:\/\/www.facebook.com\/touttacotlimouxin\" \/>\n<meta property=\"article:modified_time\" content=\"2025-12-14T14:47:06+00:00\" \/>\n<meta property=\"og:image\" content=\"http:\/\/touttacotlimouxin.fr\/wp-content\/uploads\/2025\/01\/pierre-fajal.jpg\" \/>\n<meta name=\"twitter:card\" content=\"summary_large_image\" \/>\n<meta name=\"twitter:label1\" content=\"Dur\u00e9e de lecture estim\u00e9e\" \/>\n\t<meta name=\"twitter:data1\" content=\"2 minutes\" \/>\n<script type=\"application\/ld+json\" class=\"yoast-schema-graph\">{\"@context\":\"https:\\\/\\\/schema.org\",\"@graph\":[{\"@type\":\"WebPage\",\"@id\":\"https:\\\/\\\/touttacotlimouxin.fr\\\/index.php\\\/le-bureau\\\/\",\"url\":\"https:\\\/\\\/touttacotlimouxin.fr\\\/index.php\\\/le-bureau\\\/\",\"name\":\"Le Bureau - Tout Tacot Limouxin\",\"isPartOf\":{\"@id\":\"https:\\\/\\\/touttacotlimouxin.fr\\\/#website\"},\"primaryImageOfPage\":{\"@id\":\"https:\\\/\\\/touttacotlimouxin.fr\\\/index.php\\\/le-bureau\\\/#primaryimage\"},\"image\":{\"@id\":\"https:\\\/\\\/touttacotlimouxin.fr\\\/index.php\\\/le-bureau\\\/#primaryimage\"},\"thumbnailUrl\":\"http:\\\/\\\/touttacotlimouxin.fr\\\/wp-content\\\/uploads\\\/2025\\\/01\\\/pierre-fajal.jpg\",\"datePublished\":\"2024-02-14T17:28:17+00:00\",\"dateModified\":\"2025-12-14T14:47:06+00:00\",\"breadcrumb\":{\"@id\":\"https:\\\/\\\/touttacotlimouxin.fr\\\/index.php\\\/le-bureau\\\/#breadcrumb\"},\"inLanguage\":\"fr-FR\",\"potentialAction\":[{\"@type\":\"ReadAction\",\"target\":[\"https:\\\/\\\/touttacotlimouxin.fr\\\/index.php\\\/le-bureau\\\/\"]}]},{\"@type\":\"ImageObject\",\"inLanguage\":\"fr-FR\",\"@id\":\"https:\\\/\\\/touttacotlimouxin.fr\\\/index.php\\\/le-bureau\\\/#primaryimage\",\"url\":\"http:\\\/\\\/touttacotlimouxin.fr\\\/wp-content\\\/uploads\\\/2025\\\/01\\\/pierre-fajal.jpg\",\"contentUrl\":\"http:\\\/\\\/touttacotlimouxin.fr\\\/wp-content\\\/uploads\\\/2025\\\/01\\\/pierre-fajal.jpg\"},{\"@type\":\"BreadcrumbList\",\"@id\":\"https:\\\/\\\/touttacotlimouxin.fr\\\/index.php\\\/le-bureau\\\/#breadcrumb\",\"itemListElement\":[{\"@type\":\"ListItem\",\"position\":1,\"name\":\"Accueil\",\"item\":\"https:\\\/\\\/touttacotlimouxin.fr\\\/\"},{\"@type\":\"ListItem\",\"position\":2,\"name\":\"Le Bureau\"}]},{\"@type\":\"WebSite\",\"@id\":\"https:\\\/\\\/touttacotlimouxin.fr\\\/#website\",\"url\":\"https:\\\/\\\/touttacotlimouxin.fr\\\/\",\"name\":\"Tout Tacot Limouxin\",\"description\":\"\",\"publisher\":{\"@id\":\"https:\\\/\\\/touttacotlimouxin.fr\\\/#organization\"},\"potentialAction\":[{\"@type\":\"SearchAction\",\"target\":{\"@type\":\"EntryPoint\",\"urlTemplate\":\"https:\\\/\\\/touttacotlimouxin.fr\\\/?s={search_term_string}\"},\"query-input\":{\"@type\":\"PropertyValueSpecification\",\"valueRequired\":true,\"valueName\":\"search_term_string\"}}],\"inLanguage\":\"fr-FR\"},{\"@type\":\"Organization\",\"@id\":\"https:\\\/\\\/touttacotlimouxin.fr\\\/#organization\",\"name\":\"Tout Tacot Limouxin\",\"url\":\"https:\\\/\\\/touttacotlimouxin.fr\\\/\",\"logo\":{\"@type\":\"ImageObject\",\"inLanguage\":\"fr-FR\",\"@id\":\"https:\\\/\\\/touttacotlimouxin.fr\\\/#\\\/schema\\\/logo\\\/image\\\/\",\"url\":\"https:\\\/\\\/touttacotlimouxin.fr\\\/wp-content\\\/uploads\\\/2024\\\/02\\\/cropped-logo_ttl-2.png\",\"contentUrl\":\"https:\\\/\\\/touttacotlimouxin.fr\\\/wp-content\\\/uploads\\\/2024\\\/02\\\/cropped-logo_ttl-2.png\",\"width\":89,\"height\":89,\"caption\":\"Tout Tacot Limouxin\"},\"image\":{\"@id\":\"https:\\\/\\\/touttacotlimouxin.fr\\\/#\\\/schema\\\/logo\\\/image\\\/\"},\"sameAs\":[\"https:\\\/\\\/www.facebook.com\\\/touttacotlimouxin\"]}]}<\/script>\n<!-- \/ Yoast SEO plugin. -->","yoast_head_json":{"title":"Le Bureau - Tout Tacot Limouxin","robots":{"index":"index","follow":"follow","max-snippet":"max-snippet:-1","max-image-preview":"max-image-preview:large","max-video-preview":"max-video-preview:-1"},"canonical":"https:\/\/touttacotlimouxin.fr\/index.php\/le-bureau\/","og_locale":"fr_FR","og_type":"article","og_title":"Le Bureau - Tout Tacot Limouxin","og_description":"Pr\u00e9sident: Vice-president: Pierre Fajal Tr\u00e9sorier: G\u00e9rard Crou\u00e9 Secr\u00e9taire: Claude Jean Pr\u00e9sident d&rsquo;honneur Roger MaciaPierre Fajal Responsable de la section tracteurs: Louis Vi\u00e9 Pr\u00e9sident honoraire M. Pierre Durant, maire de LimouxPr\u00e9sident de la communaut\u00e9 de communes du Limouxin Conseil d&rsquo;Administration 2025 &hellip; Continuer la lecture &rarr;","og_url":"https:\/\/touttacotlimouxin.fr\/index.php\/le-bureau\/","og_site_name":"Tout Tacot Limouxin","article_publisher":"https:\/\/www.facebook.com\/touttacotlimouxin","article_modified_time":"2025-12-14T14:47:06+00:00","og_image":[{"url":"http:\/\/touttacotlimouxin.fr\/wp-content\/uploads\/2025\/01\/pierre-fajal.jpg","type":"","width":"","height":""}],"twitter_card":"summary_large_image","twitter_misc":{"Dur\u00e9e de lecture estim\u00e9e":"2 minutes"},"schema":{"@context":"https:\/\/schema.org","@graph":[{"@type":"WebPage","@id":"https:\/\/touttacotlimouxin.fr\/index.php\/le-bureau\/","url":"https:\/\/touttacotlimouxin.fr\/index.php\/le-bureau\/","name":"Le Bureau - Tout Tacot Limouxin","isPartOf":{"@id":"https:\/\/touttacotlimouxin.fr\/#website"},"primaryImageOfPage":{"@id":"https:\/\/touttacotlimouxin.fr\/index.php\/le-bureau\/#primaryimage"},"image":{"@id":"https:\/\/touttacotlimouxin.fr\/index.php\/le-bureau\/#primaryimage"},"thumbnailUrl":"http:\/\/touttacotlimouxin.fr\/wp-content\/uploads\/2025\/01\/pierre-fajal.jpg","datePublished":"2024-02-14T17:28:17+00:00","dateModified":"2025-12-14T14:47:06+00:00","breadcrumb":{"@id":"https:\/\/touttacotlimouxin.fr\/index.php\/le-bureau\/#breadcrumb"},"inLanguage":"fr-FR","potentialAction":[{"@type":"ReadAction","target":["https:\/\/touttacotlimouxin.fr\/index.php\/le-bureau\/"]}]},{"@type":"ImageObject","inLanguage":"fr-FR","@id":"https:\/\/touttacotlimouxin.fr\/index.php\/le-bureau\/#primaryimage","url":"http:\/\/touttacotlimouxin.fr\/wp-content\/uploads\/2025\/01\/pierre-fajal.jpg","contentUrl":"http:\/\/touttacotlimouxin.fr\/wp-content\/uploads\/2025\/01\/pierre-fajal.jpg"},{"@type":"BreadcrumbList","@id":"https:\/\/touttacotlimouxin.fr\/index.php\/le-bureau\/#breadcrumb","itemListElement":[{"@type":"ListItem","position":1,"name":"Accueil","item":"https:\/\/touttacotlimouxin.fr\/"},{"@type":"ListItem","position":2,"name":"Le Bureau"}]},{"@type":"WebSite","@id":"https:\/\/touttacotlimouxin.fr\/#website","url":"https:\/\/touttacotlimouxin.fr\/","name":"Tout Tacot Limouxin","description":"","publisher":{"@id":"https:\/\/touttacotlimouxin.fr\/#organization"},"potentialAction":[{"@type":"SearchAction","target":{"@type":"EntryPoint","urlTemplate":"https:\/\/touttacotlimouxin.fr\/?s={search_term_string}"},"query-input":{"@type":"PropertyValueSpecification","valueRequired":true,"valueName":"search_term_string"}}],"inLanguage":"fr-FR"},{"@type":"Organization","@id":"https:\/\/touttacotlimouxin.fr\/#organization","name":"Tout Tacot Limouxin","url":"https:\/\/touttacotlimouxin.fr\/","logo":{"@type":"ImageObject","inLanguage":"fr-FR","@id":"https:\/\/touttacotlimouxin.fr\/#\/schema\/logo\/image\/","url":"https:\/\/touttacotlimouxin.fr\/wp-content\/uploads\/2024\/02\/cropped-logo_ttl-2.png","contentUrl":"https:\/\/touttacotlimouxin.fr\/wp-content\/uploads\/2024\/02\/cropped-logo_ttl-2.png","width":89,"height":89,"caption":"Tout Tacot Limouxin"},"image":{"@id":"https:\/\/touttacotlimouxin.fr\/#\/schema\/logo\/image\/"},"sameAs":["https:\/\/www.facebook.com\/touttacotlimouxin"]}]}},"_links":{"self":[{"href":"https:\/\/touttacotlimouxin.fr\/index.php\/wp-json\/wp\/v2\/pages\/84","targetHints":{"allow":["GET"]}}],"collection":[{"href":"https:\/\/touttacotlimouxin.fr\/index.php\/wp-json\/wp\/v2\/pages"}],"about":[{"href":"https:\/\/touttacotlimouxin.fr\/index.php\/wp-json\/wp\/v2\/types\/page"}],"author":[{"embeddable":true,"href":"https:\/\/touttacotlimouxin.fr\/index.php\/wp-json\/wp\/v2\/users\/1"}],"replies":[{"embeddable":true,"href":"https:\/\/touttacotlimouxin.fr\/index.php\/wp-json\/wp\/v2\/comments?post=84"}],"version-history":[{"count":0,"href":"https:\/\/touttacotlimouxin.fr\/index.php\/wp-json\/wp\/v2\/pages\/84\/revisions"}],"wp:attachment":[{"href":"https:\/\/touttacotlimouxin.fr\/index.php\/wp-json\/wp\/v2\/media?parent=84"}],"curies":[{"name":"wp","href":"https:\/\/api.w.org\/{rel}","templated":true}]}}