{"id":78,"date":"2024-02-14T18:17:10","date_gmt":"2024-02-14T17:17:10","guid":{"rendered":"https:\/\/touttacotlimouxin.fr\/?page_id=78"},"modified":"2025-12-12T13:21:03","modified_gmt":"2025-12-12T12:21:03","slug":"bienvenue","status":"publish","type":"page","link":"https:\/\/touttacotlimouxin.fr\/","title":{"rendered":"Bienvenue"},"content":{"rendered":"\n<p>Le <strong>Tout Tacot Limouxin<\/strong> (<strong>TTL<\/strong>), bas\u00e9 \u00e0 Limoux dans l\u2019Aude (11), est une association regroupant des amateurs de v\u00e9hicules d\u2019\u00e9poque.<\/p>\n\n\n\n<ul class=\"wp-block-list\">\n<li>Nous nous r\u00e9unissons tout au long de l\u2019ann\u00e9e pour des balades dominicales.<\/li>\n\n\n\n<li>Nous participons r\u00e9guli\u00e8rement \u00e0 des animations et expositions (AFMTelethon, Foire d\u2019Espezel, etc.).<\/li>\n\n\n\n<li>Nous organisons tous les ans une bourse d\u2019\u00e9change autos, motos et tracteurs anciens.<\/li>\n\n\n\n<li>Nous offrons un v\u00e9hicule ancien \u00e0 l\u2019issue de notre tombola annuelle (Solex, Renault 4L, Talbot Samba cabriolet, etc.).<\/li>\n<\/ul>\n\n\n\n<p>Vous pouvez nous rencontrer le second jeudi de chaque mois \u00e0 21h au local de l\u2019association, 36 Avenue Oscar Roug\u00e9 \u00e0 Limoux ou nous nous retrouvons.<\/p>\n","protected":false},"excerpt":{"rendered":"<p>Le Tout Tacot Limouxin (TTL), bas\u00e9 \u00e0 Limoux dans l\u2019Aude (11), est une association regroupant des amateurs de v\u00e9hicules d\u2019\u00e9poque. Vous pouvez nous rencontrer le second jeudi de chaque mois \u00e0 21h au local de l\u2019association, 36 Avenue Oscar Roug\u00e9 &hellip; <a href=\"https:\/\/touttacotlimouxin.fr\/\">Continuer la lecture <span class=\"meta-nav\">&rarr;<\/span><\/a><\/p>\n","protected":false},"author":1,"featured_media":0,"parent":0,"menu_order":0,"comment_status":"closed","ping_status":"closed","template":"","meta":{"footnotes":""},"class_list":["post-78","page","type-page","status-publish","hentry"],"yoast_head":"<!-- This site is optimized with the Yoast SEO plugin v27.4 - https:\/\/yoast.com\/product\/yoast-seo-wordpress\/ -->\n<title>Bienvenue - Tout Tacot Limouxin<\/title>\n<meta name=\"robots\" content=\"index, follow, max-snippet:-1, max-image-preview:large, max-video-preview:-1\" \/>\n<link rel=\"canonical\" href=\"https:\/\/touttacotlimouxin.fr\/\" \/>\n<meta property=\"og:locale\" content=\"fr_FR\" \/>\n<meta property=\"og:type\" content=\"article\" \/>\n<meta property=\"og:title\" content=\"Bienvenue - Tout Tacot Limouxin\" \/>\n<meta property=\"og:description\" content=\"Le Tout Tacot Limouxin (TTL), bas\u00e9 \u00e0 Limoux dans l\u2019Aude (11), est une association regroupant des amateurs de v\u00e9hicules d\u2019\u00e9poque. Vous pouvez nous rencontrer le second jeudi de chaque mois \u00e0 21h au local de l\u2019association, 36 Avenue Oscar Roug\u00e9 &hellip; Continuer la lecture &rarr;\" \/>\n<meta property=\"og:url\" content=\"https:\/\/touttacotlimouxin.fr\/\" \/>\n<meta property=\"og:site_name\" content=\"Tout Tacot Limouxin\" \/>\n<meta property=\"article:publisher\" content=\"https:\/\/www.facebook.com\/touttacotlimouxin\" \/>\n<meta property=\"article:modified_time\" content=\"2025-12-12T12:21:03+00:00\" \/>\n<meta name=\"twitter:card\" content=\"summary_large_image\" \/>\n<meta name=\"twitter:label1\" content=\"Dur\u00e9e de lecture estim\u00e9e\" \/>\n\t<meta name=\"twitter:data1\" content=\"1 minute\" \/>\n<script type=\"application\/ld+json\" class=\"yoast-schema-graph\">{\"@context\":\"https:\\\/\\\/schema.org\",\"@graph\":[{\"@type\":\"WebPage\",\"@id\":\"https:\\\/\\\/touttacotlimouxin.fr\\\/\",\"url\":\"https:\\\/\\\/touttacotlimouxin.fr\\\/\",\"name\":\"Bienvenue - Tout Tacot Limouxin\",\"isPartOf\":{\"@id\":\"https:\\\/\\\/touttacotlimouxin.fr\\\/#website\"},\"datePublished\":\"2024-02-14T17:17:10+00:00\",\"dateModified\":\"2025-12-12T12:21:03+00:00\",\"breadcrumb\":{\"@id\":\"https:\\\/\\\/touttacotlimouxin.fr\\\/#breadcrumb\"},\"inLanguage\":\"fr-FR\",\"potentialAction\":[{\"@type\":\"ReadAction\",\"target\":[\"https:\\\/\\\/touttacotlimouxin.fr\\\/\"]}]},{\"@type\":\"BreadcrumbList\",\"@id\":\"https:\\\/\\\/touttacotlimouxin.fr\\\/#breadcrumb\",\"itemListElement\":[{\"@type\":\"ListItem\",\"position\":1,\"name\":\"Accueil\",\"item\":\"https:\\\/\\\/touttacotlimouxin.fr\\\/\"},{\"@type\":\"ListItem\",\"position\":2,\"name\":\"Bienvenue\"}]},{\"@type\":\"WebSite\",\"@id\":\"https:\\\/\\\/touttacotlimouxin.fr\\\/#website\",\"url\":\"https:\\\/\\\/touttacotlimouxin.fr\\\/\",\"name\":\"Tout Tacot Limouxin\",\"description\":\"\",\"publisher\":{\"@id\":\"https:\\\/\\\/touttacotlimouxin.fr\\\/#organization\"},\"potentialAction\":[{\"@type\":\"SearchAction\",\"target\":{\"@type\":\"EntryPoint\",\"urlTemplate\":\"https:\\\/\\\/touttacotlimouxin.fr\\\/?s={search_term_string}\"},\"query-input\":{\"@type\":\"PropertyValueSpecification\",\"valueRequired\":true,\"valueName\":\"search_term_string\"}}],\"inLanguage\":\"fr-FR\"},{\"@type\":\"Organization\",\"@id\":\"https:\\\/\\\/touttacotlimouxin.fr\\\/#organization\",\"name\":\"Tout Tacot Limouxin\",\"url\":\"https:\\\/\\\/touttacotlimouxin.fr\\\/\",\"logo\":{\"@type\":\"ImageObject\",\"inLanguage\":\"fr-FR\",\"@id\":\"https:\\\/\\\/touttacotlimouxin.fr\\\/#\\\/schema\\\/logo\\\/image\\\/\",\"url\":\"https:\\\/\\\/touttacotlimouxin.fr\\\/wp-content\\\/uploads\\\/2024\\\/02\\\/cropped-logo_ttl-2.png\",\"contentUrl\":\"https:\\\/\\\/touttacotlimouxin.fr\\\/wp-content\\\/uploads\\\/2024\\\/02\\\/cropped-logo_ttl-2.png\",\"width\":89,\"height\":89,\"caption\":\"Tout Tacot Limouxin\"},\"image\":{\"@id\":\"https:\\\/\\\/touttacotlimouxin.fr\\\/#\\\/schema\\\/logo\\\/image\\\/\"},\"sameAs\":[\"https:\\\/\\\/www.facebook.com\\\/touttacotlimouxin\"]}]}<\/script>\n<!-- \/ Yoast SEO plugin. -->","yoast_head_json":{"title":"Bienvenue - Tout Tacot Limouxin","robots":{"index":"index","follow":"follow","max-snippet":"max-snippet:-1","max-image-preview":"max-image-preview:large","max-video-preview":"max-video-preview:-1"},"canonical":"https:\/\/touttacotlimouxin.fr\/","og_locale":"fr_FR","og_type":"article","og_title":"Bienvenue - Tout Tacot Limouxin","og_description":"Le Tout Tacot Limouxin (TTL), bas\u00e9 \u00e0 Limoux dans l\u2019Aude (11), est une association regroupant des amateurs de v\u00e9hicules d\u2019\u00e9poque. Vous pouvez nous rencontrer le second jeudi de chaque mois \u00e0 21h au local de l\u2019association, 36 Avenue Oscar Roug\u00e9 &hellip; Continuer la lecture &rarr;","og_url":"https:\/\/touttacotlimouxin.fr\/","og_site_name":"Tout Tacot Limouxin","article_publisher":"https:\/\/www.facebook.com\/touttacotlimouxin","article_modified_time":"2025-12-12T12:21:03+00:00","twitter_card":"summary_large_image","twitter_misc":{"Dur\u00e9e de lecture estim\u00e9e":"1 minute"},"schema":{"@context":"https:\/\/schema.org","@graph":[{"@type":"WebPage","@id":"https:\/\/touttacotlimouxin.fr\/","url":"https:\/\/touttacotlimouxin.fr\/","name":"Bienvenue - Tout Tacot Limouxin","isPartOf":{"@id":"https:\/\/touttacotlimouxin.fr\/#website"},"datePublished":"2024-02-14T17:17:10+00:00","dateModified":"2025-12-12T12:21:03+00:00","breadcrumb":{"@id":"https:\/\/touttacotlimouxin.fr\/#breadcrumb"},"inLanguage":"fr-FR","potentialAction":[{"@type":"ReadAction","target":["https:\/\/touttacotlimouxin.fr\/"]}]},{"@type":"BreadcrumbList","@id":"https:\/\/touttacotlimouxin.fr\/#breadcrumb","itemListElement":[{"@type":"ListItem","position":1,"name":"Accueil","item":"https:\/\/touttacotlimouxin.fr\/"},{"@type":"ListItem","position":2,"name":"Bienvenue"}]},{"@type":"WebSite","@id":"https:\/\/touttacotlimouxin.fr\/#website","url":"https:\/\/touttacotlimouxin.fr\/","name":"Tout Tacot Limouxin","description":"","publisher":{"@id":"https:\/\/touttacotlimouxin.fr\/#organization"},"potentialAction":[{"@type":"SearchAction","target":{"@type":"EntryPoint","urlTemplate":"https:\/\/touttacotlimouxin.fr\/?s={search_term_string}"},"query-input":{"@type":"PropertyValueSpecification","valueRequired":true,"valueName":"search_term_string"}}],"inLanguage":"fr-FR"},{"@type":"Organization","@id":"https:\/\/touttacotlimouxin.fr\/#organization","name":"Tout Tacot Limouxin","url":"https:\/\/touttacotlimouxin.fr\/","logo":{"@type":"ImageObject","inLanguage":"fr-FR","@id":"https:\/\/touttacotlimouxin.fr\/#\/schema\/logo\/image\/","url":"https:\/\/touttacotlimouxin.fr\/wp-content\/uploads\/2024\/02\/cropped-logo_ttl-2.png","contentUrl":"https:\/\/touttacotlimouxin.fr\/wp-content\/uploads\/2024\/02\/cropped-logo_ttl-2.png","width":89,"height":89,"caption":"Tout Tacot Limouxin"},"image":{"@id":"https:\/\/touttacotlimouxin.fr\/#\/schema\/logo\/image\/"},"sameAs":["https:\/\/www.facebook.com\/touttacotlimouxin"]}]}},"_links":{"self":[{"href":"https:\/\/touttacotlimouxin.fr\/index.php\/wp-json\/wp\/v2\/pages\/78","targetHints":{"allow":["GET"]}}],"collection":[{"href":"https:\/\/touttacotlimouxin.fr\/index.php\/wp-json\/wp\/v2\/pages"}],"about":[{"href":"https:\/\/touttacotlimouxin.fr\/index.php\/wp-json\/wp\/v2\/types\/page"}],"author":[{"embeddable":true,"href":"https:\/\/touttacotlimouxin.fr\/index.php\/wp-json\/wp\/v2\/users\/1"}],"replies":[{"embeddable":true,"href":"https:\/\/touttacotlimouxin.fr\/index.php\/wp-json\/wp\/v2\/comments?post=78"}],"version-history":[{"count":0,"href":"https:\/\/touttacotlimouxin.fr\/index.php\/wp-json\/wp\/v2\/pages\/78\/revisions"}],"wp:attachment":[{"href":"https:\/\/touttacotlimouxin.fr\/index.php\/wp-json\/wp\/v2\/media?parent=78"}],"curies":[{"name":"wp","href":"https:\/\/api.w.org\/{rel}","templated":true}]}}