{"id":715,"date":"2025-02-15T11:03:45","date_gmt":"2025-02-15T10:03:45","guid":{"rendered":"https:\/\/touttacotlimouxin.fr\/?page_id=715"},"modified":"2025-12-12T18:19:18","modified_gmt":"2025-12-12T17:19:18","slug":"vide-grenier-ttl-2","status":"publish","type":"page","link":"https:\/\/touttacotlimouxin.fr\/index.php\/vide-grenier-ttl-2\/","title":{"rendered":"Vide Grenier TTL"},"content":{"rendered":"\n<p>Dimanche 3 ao\u00fbt le club TTL organiser une Vide Grenier \u00e0 cot\u00e9 de la Bourse d&rsquo;echanges. Ouvert au publique \u00e0 partir 8h. <\/p>\n\n\n\n<h2 class=\"wp-block-heading\">Localisation.<\/h2>\n\n\n\n<p><strong>Dans l\u2019Aude (11) \u00e0 Limoux.<\/strong> La bourse se tiendra en ext\u00e9rieur, sur les terrains de sport du Complexe Sportif Louis Tr\u00e9mesaygues, derri\u00e8re les caves de Sieurs d\u2019Arques, route de Carcassonne. Un grand parking visiteur est mis \u00e0 disposition.<\/p>\n\n\n\n<h2 class=\"wp-block-heading\">Buvette et restauration sur place.<\/h2>\n\n\n\n<p>Caf\u00e9, bi\u00e8re, sodas mais aussi le Chardonnay et la Blanquette de Limoux vous seront propos\u00e9s.<br>Sandwichs saucisses ou ventr\u00eaches accompagn\u00e9s de barquettes de frites pour se rassasier \u00e0 l\u2019ombre.<\/p>\n\n\n\n<p><strong>Exposants<\/strong><\/p>\n\n\n\n<p>Inscrivez-vous pour participer par remplir le bulletin d&rsquo;inscription<a href=\"https:\/\/touttacotlimouxin.fr\/wp-content\/uploads\/2025\/04\/videgrenier-2025TTL.pdf\" target=\"_blank\" rel=\"noreferrer noopener nofollow\"> t\u00e9lecharger ici<\/a><br>Installation dimanche matin \u00e0 partir 7h.<\/p>\n\n\n\n<p>1 stand de 2ml \u00e0 2\u20ac<\/p>\n\n\n\n<p><a href=\"mailto:touttacotlimouxin@gmail.com\">Contact par mail<\/a><\/p>\n","protected":false},"excerpt":{"rendered":"<p>Dimanche 3 ao\u00fbt le club TTL organiser une Vide Grenier \u00e0 cot\u00e9 de la Bourse d&rsquo;echanges. Ouvert au publique \u00e0 partir 8h. Localisation. Dans l\u2019Aude (11) \u00e0 Limoux. La bourse se tiendra en ext\u00e9rieur, sur les terrains de sport du &hellip; <a href=\"https:\/\/touttacotlimouxin.fr\/index.php\/vide-grenier-ttl-2\/\">Continuer la lecture <span class=\"meta-nav\">&rarr;<\/span><\/a><\/p>\n","protected":false},"author":1,"featured_media":0,"parent":0,"menu_order":0,"comment_status":"closed","ping_status":"closed","template":"","meta":{"footnotes":""},"class_list":["post-715","page","type-page","status-publish","hentry"],"yoast_head":"<!-- This site is optimized with the Yoast SEO plugin v27.4 - https:\/\/yoast.com\/product\/yoast-seo-wordpress\/ -->\n<title>Vide Grenier TTL - Tout Tacot Limouxin<\/title>\n<meta name=\"robots\" content=\"index, follow, max-snippet:-1, max-image-preview:large, max-video-preview:-1\" \/>\n<link rel=\"canonical\" href=\"https:\/\/touttacotlimouxin.fr\/index.php\/vide-grenier-ttl-2\/\" \/>\n<meta property=\"og:locale\" content=\"fr_FR\" \/>\n<meta property=\"og:type\" content=\"article\" \/>\n<meta property=\"og:title\" content=\"Vide Grenier TTL - Tout Tacot Limouxin\" \/>\n<meta property=\"og:description\" content=\"Dimanche 3 ao\u00fbt le club TTL organiser une Vide Grenier \u00e0 cot\u00e9 de la Bourse d&rsquo;echanges. Ouvert au publique \u00e0 partir 8h. Localisation. Dans l\u2019Aude (11) \u00e0 Limoux. La bourse se tiendra en ext\u00e9rieur, sur les terrains de sport du &hellip; Continuer la lecture &rarr;\" \/>\n<meta property=\"og:url\" content=\"https:\/\/touttacotlimouxin.fr\/index.php\/vide-grenier-ttl-2\/\" \/>\n<meta property=\"og:site_name\" content=\"Tout Tacot Limouxin\" \/>\n<meta property=\"article:publisher\" content=\"https:\/\/www.facebook.com\/touttacotlimouxin\" \/>\n<meta property=\"article:modified_time\" content=\"2025-12-12T17:19:18+00:00\" \/>\n<meta name=\"twitter:card\" content=\"summary_large_image\" \/>\n<meta name=\"twitter:label1\" content=\"Dur\u00e9e de lecture estim\u00e9e\" \/>\n\t<meta name=\"twitter:data1\" content=\"1 minute\" \/>\n<script type=\"application\/ld+json\" class=\"yoast-schema-graph\">{\"@context\":\"https:\\\/\\\/schema.org\",\"@graph\":[{\"@type\":\"WebPage\",\"@id\":\"https:\\\/\\\/touttacotlimouxin.fr\\\/index.php\\\/vide-grenier-ttl-2\\\/\",\"url\":\"https:\\\/\\\/touttacotlimouxin.fr\\\/index.php\\\/vide-grenier-ttl-2\\\/\",\"name\":\"Vide Grenier TTL - Tout Tacot Limouxin\",\"isPartOf\":{\"@id\":\"https:\\\/\\\/touttacotlimouxin.fr\\\/#website\"},\"datePublished\":\"2025-02-15T10:03:45+00:00\",\"dateModified\":\"2025-12-12T17:19:18+00:00\",\"breadcrumb\":{\"@id\":\"https:\\\/\\\/touttacotlimouxin.fr\\\/index.php\\\/vide-grenier-ttl-2\\\/#breadcrumb\"},\"inLanguage\":\"fr-FR\",\"potentialAction\":[{\"@type\":\"ReadAction\",\"target\":[\"https:\\\/\\\/touttacotlimouxin.fr\\\/index.php\\\/vide-grenier-ttl-2\\\/\"]}]},{\"@type\":\"BreadcrumbList\",\"@id\":\"https:\\\/\\\/touttacotlimouxin.fr\\\/index.php\\\/vide-grenier-ttl-2\\\/#breadcrumb\",\"itemListElement\":[{\"@type\":\"ListItem\",\"position\":1,\"name\":\"Accueil\",\"item\":\"https:\\\/\\\/touttacotlimouxin.fr\\\/\"},{\"@type\":\"ListItem\",\"position\":2,\"name\":\"Vide Grenier TTL\"}]},{\"@type\":\"WebSite\",\"@id\":\"https:\\\/\\\/touttacotlimouxin.fr\\\/#website\",\"url\":\"https:\\\/\\\/touttacotlimouxin.fr\\\/\",\"name\":\"Tout Tacot Limouxin\",\"description\":\"\",\"publisher\":{\"@id\":\"https:\\\/\\\/touttacotlimouxin.fr\\\/#organization\"},\"potentialAction\":[{\"@type\":\"SearchAction\",\"target\":{\"@type\":\"EntryPoint\",\"urlTemplate\":\"https:\\\/\\\/touttacotlimouxin.fr\\\/?s={search_term_string}\"},\"query-input\":{\"@type\":\"PropertyValueSpecification\",\"valueRequired\":true,\"valueName\":\"search_term_string\"}}],\"inLanguage\":\"fr-FR\"},{\"@type\":\"Organization\",\"@id\":\"https:\\\/\\\/touttacotlimouxin.fr\\\/#organization\",\"name\":\"Tout Tacot Limouxin\",\"url\":\"https:\\\/\\\/touttacotlimouxin.fr\\\/\",\"logo\":{\"@type\":\"ImageObject\",\"inLanguage\":\"fr-FR\",\"@id\":\"https:\\\/\\\/touttacotlimouxin.fr\\\/#\\\/schema\\\/logo\\\/image\\\/\",\"url\":\"https:\\\/\\\/touttacotlimouxin.fr\\\/wp-content\\\/uploads\\\/2024\\\/02\\\/cropped-logo_ttl-2.png\",\"contentUrl\":\"https:\\\/\\\/touttacotlimouxin.fr\\\/wp-content\\\/uploads\\\/2024\\\/02\\\/cropped-logo_ttl-2.png\",\"width\":89,\"height\":89,\"caption\":\"Tout Tacot Limouxin\"},\"image\":{\"@id\":\"https:\\\/\\\/touttacotlimouxin.fr\\\/#\\\/schema\\\/logo\\\/image\\\/\"},\"sameAs\":[\"https:\\\/\\\/www.facebook.com\\\/touttacotlimouxin\"]}]}<\/script>\n<!-- \/ Yoast SEO plugin. -->","yoast_head_json":{"title":"Vide Grenier TTL - Tout Tacot Limouxin","robots":{"index":"index","follow":"follow","max-snippet":"max-snippet:-1","max-image-preview":"max-image-preview:large","max-video-preview":"max-video-preview:-1"},"canonical":"https:\/\/touttacotlimouxin.fr\/index.php\/vide-grenier-ttl-2\/","og_locale":"fr_FR","og_type":"article","og_title":"Vide Grenier TTL - Tout Tacot Limouxin","og_description":"Dimanche 3 ao\u00fbt le club TTL organiser une Vide Grenier \u00e0 cot\u00e9 de la Bourse d&rsquo;echanges. Ouvert au publique \u00e0 partir 8h. Localisation. Dans l\u2019Aude (11) \u00e0 Limoux. La bourse se tiendra en ext\u00e9rieur, sur les terrains de sport du &hellip; Continuer la lecture &rarr;","og_url":"https:\/\/touttacotlimouxin.fr\/index.php\/vide-grenier-ttl-2\/","og_site_name":"Tout Tacot Limouxin","article_publisher":"https:\/\/www.facebook.com\/touttacotlimouxin","article_modified_time":"2025-12-12T17:19:18+00:00","twitter_card":"summary_large_image","twitter_misc":{"Dur\u00e9e de lecture estim\u00e9e":"1 minute"},"schema":{"@context":"https:\/\/schema.org","@graph":[{"@type":"WebPage","@id":"https:\/\/touttacotlimouxin.fr\/index.php\/vide-grenier-ttl-2\/","url":"https:\/\/touttacotlimouxin.fr\/index.php\/vide-grenier-ttl-2\/","name":"Vide Grenier TTL - Tout Tacot Limouxin","isPartOf":{"@id":"https:\/\/touttacotlimouxin.fr\/#website"},"datePublished":"2025-02-15T10:03:45+00:00","dateModified":"2025-12-12T17:19:18+00:00","breadcrumb":{"@id":"https:\/\/touttacotlimouxin.fr\/index.php\/vide-grenier-ttl-2\/#breadcrumb"},"inLanguage":"fr-FR","potentialAction":[{"@type":"ReadAction","target":["https:\/\/touttacotlimouxin.fr\/index.php\/vide-grenier-ttl-2\/"]}]},{"@type":"BreadcrumbList","@id":"https:\/\/touttacotlimouxin.fr\/index.php\/vide-grenier-ttl-2\/#breadcrumb","itemListElement":[{"@type":"ListItem","position":1,"name":"Accueil","item":"https:\/\/touttacotlimouxin.fr\/"},{"@type":"ListItem","position":2,"name":"Vide Grenier TTL"}]},{"@type":"WebSite","@id":"https:\/\/touttacotlimouxin.fr\/#website","url":"https:\/\/touttacotlimouxin.fr\/","name":"Tout Tacot Limouxin","description":"","publisher":{"@id":"https:\/\/touttacotlimouxin.fr\/#organization"},"potentialAction":[{"@type":"SearchAction","target":{"@type":"EntryPoint","urlTemplate":"https:\/\/touttacotlimouxin.fr\/?s={search_term_string}"},"query-input":{"@type":"PropertyValueSpecification","valueRequired":true,"valueName":"search_term_string"}}],"inLanguage":"fr-FR"},{"@type":"Organization","@id":"https:\/\/touttacotlimouxin.fr\/#organization","name":"Tout Tacot Limouxin","url":"https:\/\/touttacotlimouxin.fr\/","logo":{"@type":"ImageObject","inLanguage":"fr-FR","@id":"https:\/\/touttacotlimouxin.fr\/#\/schema\/logo\/image\/","url":"https:\/\/touttacotlimouxin.fr\/wp-content\/uploads\/2024\/02\/cropped-logo_ttl-2.png","contentUrl":"https:\/\/touttacotlimouxin.fr\/wp-content\/uploads\/2024\/02\/cropped-logo_ttl-2.png","width":89,"height":89,"caption":"Tout Tacot Limouxin"},"image":{"@id":"https:\/\/touttacotlimouxin.fr\/#\/schema\/logo\/image\/"},"sameAs":["https:\/\/www.facebook.com\/touttacotlimouxin"]}]}},"_links":{"self":[{"href":"https:\/\/touttacotlimouxin.fr\/index.php\/wp-json\/wp\/v2\/pages\/715","targetHints":{"allow":["GET"]}}],"collection":[{"href":"https:\/\/touttacotlimouxin.fr\/index.php\/wp-json\/wp\/v2\/pages"}],"about":[{"href":"https:\/\/touttacotlimouxin.fr\/index.php\/wp-json\/wp\/v2\/types\/page"}],"author":[{"embeddable":true,"href":"https:\/\/touttacotlimouxin.fr\/index.php\/wp-json\/wp\/v2\/users\/1"}],"replies":[{"embeddable":true,"href":"https:\/\/touttacotlimouxin.fr\/index.php\/wp-json\/wp\/v2\/comments?post=715"}],"version-history":[{"count":0,"href":"https:\/\/touttacotlimouxin.fr\/index.php\/wp-json\/wp\/v2\/pages\/715\/revisions"}],"wp:attachment":[{"href":"https:\/\/touttacotlimouxin.fr\/index.php\/wp-json\/wp\/v2\/media?parent=715"}],"curies":[{"name":"wp","href":"https:\/\/api.w.org\/{rel}","templated":true}]}}