{"id":212,"date":"2024-02-16T18:31:23","date_gmt":"2024-02-16T17:31:23","guid":{"rendered":"https:\/\/touttacotlimouxin.fr\/?page_id=212"},"modified":"2025-02-15T10:51:11","modified_gmt":"2025-02-15T09:51:11","slug":"nous-rejoindre","status":"publish","type":"page","link":"https:\/\/touttacotlimouxin.fr\/index.php\/nous-rejoindre\/","title":{"rendered":"Nous rejoindre"},"content":{"rendered":"\n<ul class=\"wp-block-list\">\n<li>Vous \u00eates propri\u00e9taire d&rsquo;un v\u00e9hicule plus ou moins ancien, ou en cours de restauration, ou vous envisagez d&rsquo;en acqu\u00e9rir un ; que ce soit une voiture, une moto, un tracteur, un utilitaire&#8230;<\/li>\n\n\n\n<li>Vous habitez dans le Limouxin ou ses environs ; depuis toujours ou d\u00e9couvrez tout juste la r\u00e9gion ;<\/li>\n\n\n\n<li>Vous \u00eates Fran\u00e7ais ou \u00e9tranger (Britanniques, Belges, Hollandais, Suisses&#8230; nous ont d\u00e9j\u00e0 rejoint) ;<\/li>\n\n\n\n<li>Vous voulez participer \u00e0 nos excursions et manifestations ;<\/li>\n\n\n\n<li>Vous cherchez conseil pour faciliter vos d\u00e9marche (assurance, immatriculation) ou vos restauration (bonnes adresses, coup de main) ;<\/li>\n\n\n\n<li>Vous souhaitez entretenir la passion et rencontrer d&rsquo;autres amateurs d&rsquo;horizons divers ;<\/li>\n<\/ul>\n\n\n\n<p><a href=\"https:\/\/touttacotlimouxin.fr\/wp-content\/uploads\/2025\/02\/formulaire-adhesion-2025.pdf\" target=\"_blank\" rel=\"noreferrer noopener nofollow\"><strong>Rejoignez-nous !<\/strong><\/a><\/p>\n\n\n\n<p>T\u00e9l\u00e9chargez, remplissez et retournez-nous le bulletin d&rsquo;adh\u00e9sion.<\/p>\n\n\n\n<p>La cotisation annuelle est fix\u00e9e \u00e0 30\u20ac.(2025)<br>Elle vous permet de participer \u00e0 tous les \u00e9v\u00e9nements (gratuits ou payants) organis\u00e9s par l&rsquo;association ou auxquels elle est invit\u00e9e, ainsi que de profiter des offres et tarifs sp\u00e9ciaux aupr\u00e8s de nos sponsors et partenaires.<br>Vous \u00eates inform\u00e9s par email et\/ou par courrier au moins une fois pas mois des manifestations \u00e0 venir (dates, tarifs, programmes, modalit\u00e9s d&rsquo;inscriptions).<\/p>\n","protected":false},"excerpt":{"rendered":"<p>Rejoignez-nous ! T\u00e9l\u00e9chargez, remplissez et retournez-nous le bulletin d&rsquo;adh\u00e9sion. La cotisation annuelle est fix\u00e9e \u00e0 30\u20ac.(2025)Elle vous permet de participer \u00e0 tous les \u00e9v\u00e9nements (gratuits ou payants) organis\u00e9s par l&rsquo;association ou auxquels elle est invit\u00e9e, ainsi que de profiter des &hellip; <a href=\"https:\/\/touttacotlimouxin.fr\/index.php\/nous-rejoindre\/\">Continuer la lecture <span class=\"meta-nav\">&rarr;<\/span><\/a><\/p>\n","protected":false},"author":1,"featured_media":0,"parent":0,"menu_order":0,"comment_status":"closed","ping_status":"closed","template":"","meta":{"footnotes":""},"class_list":["post-212","page","type-page","status-publish","hentry"],"yoast_head":"<!-- This site is optimized with the Yoast SEO plugin v27.4 - https:\/\/yoast.com\/product\/yoast-seo-wordpress\/ -->\n<title>Nous rejoindre - Tout Tacot Limouxin<\/title>\n<meta name=\"robots\" content=\"index, follow, max-snippet:-1, max-image-preview:large, max-video-preview:-1\" \/>\n<link rel=\"canonical\" href=\"https:\/\/touttacotlimouxin.fr\/index.php\/nous-rejoindre\/\" \/>\n<meta property=\"og:locale\" content=\"fr_FR\" \/>\n<meta property=\"og:type\" content=\"article\" \/>\n<meta property=\"og:title\" content=\"Nous rejoindre - Tout Tacot Limouxin\" \/>\n<meta property=\"og:description\" content=\"Rejoignez-nous ! T\u00e9l\u00e9chargez, remplissez et retournez-nous le bulletin d&rsquo;adh\u00e9sion. La cotisation annuelle est fix\u00e9e \u00e0 30\u20ac.(2025)Elle vous permet de participer \u00e0 tous les \u00e9v\u00e9nements (gratuits ou payants) organis\u00e9s par l&rsquo;association ou auxquels elle est invit\u00e9e, ainsi que de profiter des &hellip; Continuer la lecture &rarr;\" \/>\n<meta property=\"og:url\" content=\"https:\/\/touttacotlimouxin.fr\/index.php\/nous-rejoindre\/\" \/>\n<meta property=\"og:site_name\" content=\"Tout Tacot Limouxin\" \/>\n<meta property=\"article:publisher\" content=\"https:\/\/www.facebook.com\/touttacotlimouxin\" \/>\n<meta property=\"article:modified_time\" content=\"2025-02-15T09:51:11+00:00\" \/>\n<meta name=\"twitter:card\" content=\"summary_large_image\" \/>\n<meta name=\"twitter:label1\" content=\"Dur\u00e9e de lecture estim\u00e9e\" \/>\n\t<meta name=\"twitter:data1\" content=\"1 minute\" \/>\n<script type=\"application\/ld+json\" class=\"yoast-schema-graph\">{\"@context\":\"https:\\\/\\\/schema.org\",\"@graph\":[{\"@type\":\"WebPage\",\"@id\":\"https:\\\/\\\/touttacotlimouxin.fr\\\/index.php\\\/nous-rejoindre\\\/\",\"url\":\"https:\\\/\\\/touttacotlimouxin.fr\\\/index.php\\\/nous-rejoindre\\\/\",\"name\":\"Nous rejoindre - Tout Tacot Limouxin\",\"isPartOf\":{\"@id\":\"https:\\\/\\\/touttacotlimouxin.fr\\\/#website\"},\"datePublished\":\"2024-02-16T17:31:23+00:00\",\"dateModified\":\"2025-02-15T09:51:11+00:00\",\"breadcrumb\":{\"@id\":\"https:\\\/\\\/touttacotlimouxin.fr\\\/index.php\\\/nous-rejoindre\\\/#breadcrumb\"},\"inLanguage\":\"fr-FR\",\"potentialAction\":[{\"@type\":\"ReadAction\",\"target\":[\"https:\\\/\\\/touttacotlimouxin.fr\\\/index.php\\\/nous-rejoindre\\\/\"]}]},{\"@type\":\"BreadcrumbList\",\"@id\":\"https:\\\/\\\/touttacotlimouxin.fr\\\/index.php\\\/nous-rejoindre\\\/#breadcrumb\",\"itemListElement\":[{\"@type\":\"ListItem\",\"position\":1,\"name\":\"Accueil\",\"item\":\"https:\\\/\\\/touttacotlimouxin.fr\\\/\"},{\"@type\":\"ListItem\",\"position\":2,\"name\":\"Nous rejoindre\"}]},{\"@type\":\"WebSite\",\"@id\":\"https:\\\/\\\/touttacotlimouxin.fr\\\/#website\",\"url\":\"https:\\\/\\\/touttacotlimouxin.fr\\\/\",\"name\":\"Tout Tacot Limouxin\",\"description\":\"\",\"publisher\":{\"@id\":\"https:\\\/\\\/touttacotlimouxin.fr\\\/#organization\"},\"potentialAction\":[{\"@type\":\"SearchAction\",\"target\":{\"@type\":\"EntryPoint\",\"urlTemplate\":\"https:\\\/\\\/touttacotlimouxin.fr\\\/?s={search_term_string}\"},\"query-input\":{\"@type\":\"PropertyValueSpecification\",\"valueRequired\":true,\"valueName\":\"search_term_string\"}}],\"inLanguage\":\"fr-FR\"},{\"@type\":\"Organization\",\"@id\":\"https:\\\/\\\/touttacotlimouxin.fr\\\/#organization\",\"name\":\"Tout Tacot Limouxin\",\"url\":\"https:\\\/\\\/touttacotlimouxin.fr\\\/\",\"logo\":{\"@type\":\"ImageObject\",\"inLanguage\":\"fr-FR\",\"@id\":\"https:\\\/\\\/touttacotlimouxin.fr\\\/#\\\/schema\\\/logo\\\/image\\\/\",\"url\":\"https:\\\/\\\/touttacotlimouxin.fr\\\/wp-content\\\/uploads\\\/2024\\\/02\\\/cropped-logo_ttl-2.png\",\"contentUrl\":\"https:\\\/\\\/touttacotlimouxin.fr\\\/wp-content\\\/uploads\\\/2024\\\/02\\\/cropped-logo_ttl-2.png\",\"width\":89,\"height\":89,\"caption\":\"Tout Tacot Limouxin\"},\"image\":{\"@id\":\"https:\\\/\\\/touttacotlimouxin.fr\\\/#\\\/schema\\\/logo\\\/image\\\/\"},\"sameAs\":[\"https:\\\/\\\/www.facebook.com\\\/touttacotlimouxin\"]}]}<\/script>\n<!-- \/ Yoast SEO plugin. -->","yoast_head_json":{"title":"Nous rejoindre - Tout Tacot Limouxin","robots":{"index":"index","follow":"follow","max-snippet":"max-snippet:-1","max-image-preview":"max-image-preview:large","max-video-preview":"max-video-preview:-1"},"canonical":"https:\/\/touttacotlimouxin.fr\/index.php\/nous-rejoindre\/","og_locale":"fr_FR","og_type":"article","og_title":"Nous rejoindre - Tout Tacot Limouxin","og_description":"Rejoignez-nous ! T\u00e9l\u00e9chargez, remplissez et retournez-nous le bulletin d&rsquo;adh\u00e9sion. La cotisation annuelle est fix\u00e9e \u00e0 30\u20ac.(2025)Elle vous permet de participer \u00e0 tous les \u00e9v\u00e9nements (gratuits ou payants) organis\u00e9s par l&rsquo;association ou auxquels elle est invit\u00e9e, ainsi que de profiter des &hellip; Continuer la lecture &rarr;","og_url":"https:\/\/touttacotlimouxin.fr\/index.php\/nous-rejoindre\/","og_site_name":"Tout Tacot Limouxin","article_publisher":"https:\/\/www.facebook.com\/touttacotlimouxin","article_modified_time":"2025-02-15T09:51:11+00:00","twitter_card":"summary_large_image","twitter_misc":{"Dur\u00e9e de lecture estim\u00e9e":"1 minute"},"schema":{"@context":"https:\/\/schema.org","@graph":[{"@type":"WebPage","@id":"https:\/\/touttacotlimouxin.fr\/index.php\/nous-rejoindre\/","url":"https:\/\/touttacotlimouxin.fr\/index.php\/nous-rejoindre\/","name":"Nous rejoindre - Tout Tacot Limouxin","isPartOf":{"@id":"https:\/\/touttacotlimouxin.fr\/#website"},"datePublished":"2024-02-16T17:31:23+00:00","dateModified":"2025-02-15T09:51:11+00:00","breadcrumb":{"@id":"https:\/\/touttacotlimouxin.fr\/index.php\/nous-rejoindre\/#breadcrumb"},"inLanguage":"fr-FR","potentialAction":[{"@type":"ReadAction","target":["https:\/\/touttacotlimouxin.fr\/index.php\/nous-rejoindre\/"]}]},{"@type":"BreadcrumbList","@id":"https:\/\/touttacotlimouxin.fr\/index.php\/nous-rejoindre\/#breadcrumb","itemListElement":[{"@type":"ListItem","position":1,"name":"Accueil","item":"https:\/\/touttacotlimouxin.fr\/"},{"@type":"ListItem","position":2,"name":"Nous rejoindre"}]},{"@type":"WebSite","@id":"https:\/\/touttacotlimouxin.fr\/#website","url":"https:\/\/touttacotlimouxin.fr\/","name":"Tout Tacot Limouxin","description":"","publisher":{"@id":"https:\/\/touttacotlimouxin.fr\/#organization"},"potentialAction":[{"@type":"SearchAction","target":{"@type":"EntryPoint","urlTemplate":"https:\/\/touttacotlimouxin.fr\/?s={search_term_string}"},"query-input":{"@type":"PropertyValueSpecification","valueRequired":true,"valueName":"search_term_string"}}],"inLanguage":"fr-FR"},{"@type":"Organization","@id":"https:\/\/touttacotlimouxin.fr\/#organization","name":"Tout Tacot Limouxin","url":"https:\/\/touttacotlimouxin.fr\/","logo":{"@type":"ImageObject","inLanguage":"fr-FR","@id":"https:\/\/touttacotlimouxin.fr\/#\/schema\/logo\/image\/","url":"https:\/\/touttacotlimouxin.fr\/wp-content\/uploads\/2024\/02\/cropped-logo_ttl-2.png","contentUrl":"https:\/\/touttacotlimouxin.fr\/wp-content\/uploads\/2024\/02\/cropped-logo_ttl-2.png","width":89,"height":89,"caption":"Tout Tacot Limouxin"},"image":{"@id":"https:\/\/touttacotlimouxin.fr\/#\/schema\/logo\/image\/"},"sameAs":["https:\/\/www.facebook.com\/touttacotlimouxin"]}]}},"_links":{"self":[{"href":"https:\/\/touttacotlimouxin.fr\/index.php\/wp-json\/wp\/v2\/pages\/212","targetHints":{"allow":["GET"]}}],"collection":[{"href":"https:\/\/touttacotlimouxin.fr\/index.php\/wp-json\/wp\/v2\/pages"}],"about":[{"href":"https:\/\/touttacotlimouxin.fr\/index.php\/wp-json\/wp\/v2\/types\/page"}],"author":[{"embeddable":true,"href":"https:\/\/touttacotlimouxin.fr\/index.php\/wp-json\/wp\/v2\/users\/1"}],"replies":[{"embeddable":true,"href":"https:\/\/touttacotlimouxin.fr\/index.php\/wp-json\/wp\/v2\/comments?post=212"}],"version-history":[{"count":0,"href":"https:\/\/touttacotlimouxin.fr\/index.php\/wp-json\/wp\/v2\/pages\/212\/revisions"}],"wp:attachment":[{"href":"https:\/\/touttacotlimouxin.fr\/index.php\/wp-json\/wp\/v2\/media?parent=212"}],"curies":[{"name":"wp","href":"https:\/\/api.w.org\/{rel}","templated":true}]}}