{"id":208,"date":"2024-02-16T18:19:37","date_gmt":"2024-02-16T17:19:37","guid":{"rendered":"https:\/\/touttacotlimouxin.fr\/?page_id=208"},"modified":"2024-02-16T18:19:38","modified_gmt":"2024-02-16T17:19:38","slug":"mention-legales","status":"publish","type":"page","link":"https:\/\/touttacotlimouxin.fr\/index.php\/mention-legales\/","title":{"rendered":"Mention l\u00e9gales"},"content":{"rendered":"\n<p>Ce site appartient au Tout Tacot Limouxin, association r\u00e9gie par la loi de 1901, officialis\u00e9e au journal Officiel sous le n\u00b0185 le 03\/02\/2007 (<a href=\"https:\/\/www.journal-officiel.gouv.fr\/associations\/detail-annonce\/associations_b\/20070005\/185\">consulter la d\u00e9claration<\/a>).<br>Association : <strong>TOUT TACOT LIMOUXIN (T.T.L.)<\/strong><br>No de parution : 20070005<br>D\u00e9partement (R\u00e9gion) : Aude (Languedoc-Roussillon)<br>Lieu parution : D\u00e9claration \u00e0 la sous-pr\u00e9fecture de Limoux<br>Type d&rsquo;annonce : association\/creation<\/p>\n\n\n\n<p>Objet&nbsp;: <strong>Favoriser la conservation, la restauration, la mise en valeur de tous les v\u00e9hicules m\u00e9caniques anciens (automobiles, motocyclettes, tracteurs).<\/strong><br>Si\u00e8ge social&nbsp;: <strong>36 Avenue Oscar Roug\u00e9, 11300&nbsp;Limoux<\/strong><br>Date de la d\u00e9claration&nbsp;: <strong>15&nbsp;janvier&nbsp;2007<\/strong><\/p>\n\n\n\n<p>Les donn\u00e9es contenues dans ce site rel\u00e8vent de la l\u00e9gislation fran\u00e7aise sur le droit d&rsquo;auteur et la propri\u00e9t\u00e9 intellectuelle. Tous droits de reproduction r\u00e9serv\u00e9s.<\/p>\n\n\n\n<p>Le site est \u00e9dit\u00e9 par des membres du club. Il est h\u00e9berg\u00e9 par <a href=\"http:\/\/www.ovh.com\/\" target=\"_blank\" rel=\"noreferrer noopener\">OVH<\/a>. Il est r\u00e9alis\u00e9 au moyen du syst\u00e8me de gestion de contenu en open source WordPress associ\u00e9 \u00e0 diverses extensions libres et au th\u00e8me Twenty Eleven.<br>All copyrights reserved Tout Tacot Limouxin 2024.<\/p>\n","protected":false},"excerpt":{"rendered":"<p>Ce site appartient au Tout Tacot Limouxin, association r\u00e9gie par la loi de 1901, officialis\u00e9e au journal Officiel sous le n\u00b0185 le 03\/02\/2007 (consulter la d\u00e9claration).Association : TOUT TACOT LIMOUXIN (T.T.L.)No de parution : 20070005D\u00e9partement (R\u00e9gion) : Aude (Languedoc-Roussillon)Lieu parution &hellip; <a href=\"https:\/\/touttacotlimouxin.fr\/index.php\/mention-legales\/\">Continuer la lecture <span class=\"meta-nav\">&rarr;<\/span><\/a><\/p>\n","protected":false},"author":1,"featured_media":0,"parent":0,"menu_order":0,"comment_status":"closed","ping_status":"closed","template":"","meta":{"footnotes":""},"class_list":["post-208","page","type-page","status-publish","hentry"],"yoast_head":"<!-- This site is optimized with the Yoast SEO plugin v27.4 - https:\/\/yoast.com\/product\/yoast-seo-wordpress\/ -->\n<title>Mention l\u00e9gales - Tout Tacot Limouxin<\/title>\n<meta name=\"robots\" content=\"index, follow, max-snippet:-1, max-image-preview:large, max-video-preview:-1\" \/>\n<link rel=\"canonical\" href=\"https:\/\/touttacotlimouxin.fr\/index.php\/mention-legales\/\" \/>\n<meta property=\"og:locale\" content=\"fr_FR\" \/>\n<meta property=\"og:type\" content=\"article\" \/>\n<meta property=\"og:title\" content=\"Mention l\u00e9gales - Tout Tacot Limouxin\" \/>\n<meta property=\"og:description\" content=\"Ce site appartient au Tout Tacot Limouxin, association r\u00e9gie par la loi de 1901, officialis\u00e9e au journal Officiel sous le n\u00b0185 le 03\/02\/2007 (consulter la d\u00e9claration).Association : TOUT TACOT LIMOUXIN (T.T.L.)No de parution : 20070005D\u00e9partement (R\u00e9gion) : Aude (Languedoc-Roussillon)Lieu parution &hellip; Continuer la lecture &rarr;\" \/>\n<meta property=\"og:url\" content=\"https:\/\/touttacotlimouxin.fr\/index.php\/mention-legales\/\" \/>\n<meta property=\"og:site_name\" content=\"Tout Tacot Limouxin\" \/>\n<meta property=\"article:publisher\" content=\"https:\/\/www.facebook.com\/touttacotlimouxin\" \/>\n<meta property=\"article:modified_time\" content=\"2024-02-16T17:19:38+00:00\" \/>\n<meta name=\"twitter:card\" content=\"summary_large_image\" \/>\n<meta name=\"twitter:label1\" content=\"Dur\u00e9e de lecture estim\u00e9e\" \/>\n\t<meta name=\"twitter:data1\" content=\"1 minute\" \/>\n<script type=\"application\/ld+json\" class=\"yoast-schema-graph\">{\"@context\":\"https:\\\/\\\/schema.org\",\"@graph\":[{\"@type\":\"WebPage\",\"@id\":\"https:\\\/\\\/touttacotlimouxin.fr\\\/index.php\\\/mention-legales\\\/\",\"url\":\"https:\\\/\\\/touttacotlimouxin.fr\\\/index.php\\\/mention-legales\\\/\",\"name\":\"Mention l\u00e9gales - Tout Tacot Limouxin\",\"isPartOf\":{\"@id\":\"https:\\\/\\\/touttacotlimouxin.fr\\\/#website\"},\"datePublished\":\"2024-02-16T17:19:37+00:00\",\"dateModified\":\"2024-02-16T17:19:38+00:00\",\"breadcrumb\":{\"@id\":\"https:\\\/\\\/touttacotlimouxin.fr\\\/index.php\\\/mention-legales\\\/#breadcrumb\"},\"inLanguage\":\"fr-FR\",\"potentialAction\":[{\"@type\":\"ReadAction\",\"target\":[\"https:\\\/\\\/touttacotlimouxin.fr\\\/index.php\\\/mention-legales\\\/\"]}]},{\"@type\":\"BreadcrumbList\",\"@id\":\"https:\\\/\\\/touttacotlimouxin.fr\\\/index.php\\\/mention-legales\\\/#breadcrumb\",\"itemListElement\":[{\"@type\":\"ListItem\",\"position\":1,\"name\":\"Accueil\",\"item\":\"https:\\\/\\\/touttacotlimouxin.fr\\\/\"},{\"@type\":\"ListItem\",\"position\":2,\"name\":\"Mention l\u00e9gales\"}]},{\"@type\":\"WebSite\",\"@id\":\"https:\\\/\\\/touttacotlimouxin.fr\\\/#website\",\"url\":\"https:\\\/\\\/touttacotlimouxin.fr\\\/\",\"name\":\"Tout Tacot Limouxin\",\"description\":\"\",\"publisher\":{\"@id\":\"https:\\\/\\\/touttacotlimouxin.fr\\\/#organization\"},\"potentialAction\":[{\"@type\":\"SearchAction\",\"target\":{\"@type\":\"EntryPoint\",\"urlTemplate\":\"https:\\\/\\\/touttacotlimouxin.fr\\\/?s={search_term_string}\"},\"query-input\":{\"@type\":\"PropertyValueSpecification\",\"valueRequired\":true,\"valueName\":\"search_term_string\"}}],\"inLanguage\":\"fr-FR\"},{\"@type\":\"Organization\",\"@id\":\"https:\\\/\\\/touttacotlimouxin.fr\\\/#organization\",\"name\":\"Tout Tacot Limouxin\",\"url\":\"https:\\\/\\\/touttacotlimouxin.fr\\\/\",\"logo\":{\"@type\":\"ImageObject\",\"inLanguage\":\"fr-FR\",\"@id\":\"https:\\\/\\\/touttacotlimouxin.fr\\\/#\\\/schema\\\/logo\\\/image\\\/\",\"url\":\"https:\\\/\\\/touttacotlimouxin.fr\\\/wp-content\\\/uploads\\\/2024\\\/02\\\/cropped-logo_ttl-2.png\",\"contentUrl\":\"https:\\\/\\\/touttacotlimouxin.fr\\\/wp-content\\\/uploads\\\/2024\\\/02\\\/cropped-logo_ttl-2.png\",\"width\":89,\"height\":89,\"caption\":\"Tout Tacot Limouxin\"},\"image\":{\"@id\":\"https:\\\/\\\/touttacotlimouxin.fr\\\/#\\\/schema\\\/logo\\\/image\\\/\"},\"sameAs\":[\"https:\\\/\\\/www.facebook.com\\\/touttacotlimouxin\"]}]}<\/script>\n<!-- \/ Yoast SEO plugin. -->","yoast_head_json":{"title":"Mention l\u00e9gales - Tout Tacot Limouxin","robots":{"index":"index","follow":"follow","max-snippet":"max-snippet:-1","max-image-preview":"max-image-preview:large","max-video-preview":"max-video-preview:-1"},"canonical":"https:\/\/touttacotlimouxin.fr\/index.php\/mention-legales\/","og_locale":"fr_FR","og_type":"article","og_title":"Mention l\u00e9gales - Tout Tacot Limouxin","og_description":"Ce site appartient au Tout Tacot Limouxin, association r\u00e9gie par la loi de 1901, officialis\u00e9e au journal Officiel sous le n\u00b0185 le 03\/02\/2007 (consulter la d\u00e9claration).Association : TOUT TACOT LIMOUXIN (T.T.L.)No de parution : 20070005D\u00e9partement (R\u00e9gion) : Aude (Languedoc-Roussillon)Lieu parution &hellip; Continuer la lecture &rarr;","og_url":"https:\/\/touttacotlimouxin.fr\/index.php\/mention-legales\/","og_site_name":"Tout Tacot Limouxin","article_publisher":"https:\/\/www.facebook.com\/touttacotlimouxin","article_modified_time":"2024-02-16T17:19:38+00:00","twitter_card":"summary_large_image","twitter_misc":{"Dur\u00e9e de lecture estim\u00e9e":"1 minute"},"schema":{"@context":"https:\/\/schema.org","@graph":[{"@type":"WebPage","@id":"https:\/\/touttacotlimouxin.fr\/index.php\/mention-legales\/","url":"https:\/\/touttacotlimouxin.fr\/index.php\/mention-legales\/","name":"Mention l\u00e9gales - Tout Tacot Limouxin","isPartOf":{"@id":"https:\/\/touttacotlimouxin.fr\/#website"},"datePublished":"2024-02-16T17:19:37+00:00","dateModified":"2024-02-16T17:19:38+00:00","breadcrumb":{"@id":"https:\/\/touttacotlimouxin.fr\/index.php\/mention-legales\/#breadcrumb"},"inLanguage":"fr-FR","potentialAction":[{"@type":"ReadAction","target":["https:\/\/touttacotlimouxin.fr\/index.php\/mention-legales\/"]}]},{"@type":"BreadcrumbList","@id":"https:\/\/touttacotlimouxin.fr\/index.php\/mention-legales\/#breadcrumb","itemListElement":[{"@type":"ListItem","position":1,"name":"Accueil","item":"https:\/\/touttacotlimouxin.fr\/"},{"@type":"ListItem","position":2,"name":"Mention l\u00e9gales"}]},{"@type":"WebSite","@id":"https:\/\/touttacotlimouxin.fr\/#website","url":"https:\/\/touttacotlimouxin.fr\/","name":"Tout Tacot Limouxin","description":"","publisher":{"@id":"https:\/\/touttacotlimouxin.fr\/#organization"},"potentialAction":[{"@type":"SearchAction","target":{"@type":"EntryPoint","urlTemplate":"https:\/\/touttacotlimouxin.fr\/?s={search_term_string}"},"query-input":{"@type":"PropertyValueSpecification","valueRequired":true,"valueName":"search_term_string"}}],"inLanguage":"fr-FR"},{"@type":"Organization","@id":"https:\/\/touttacotlimouxin.fr\/#organization","name":"Tout Tacot Limouxin","url":"https:\/\/touttacotlimouxin.fr\/","logo":{"@type":"ImageObject","inLanguage":"fr-FR","@id":"https:\/\/touttacotlimouxin.fr\/#\/schema\/logo\/image\/","url":"https:\/\/touttacotlimouxin.fr\/wp-content\/uploads\/2024\/02\/cropped-logo_ttl-2.png","contentUrl":"https:\/\/touttacotlimouxin.fr\/wp-content\/uploads\/2024\/02\/cropped-logo_ttl-2.png","width":89,"height":89,"caption":"Tout Tacot Limouxin"},"image":{"@id":"https:\/\/touttacotlimouxin.fr\/#\/schema\/logo\/image\/"},"sameAs":["https:\/\/www.facebook.com\/touttacotlimouxin"]}]}},"_links":{"self":[{"href":"https:\/\/touttacotlimouxin.fr\/index.php\/wp-json\/wp\/v2\/pages\/208","targetHints":{"allow":["GET"]}}],"collection":[{"href":"https:\/\/touttacotlimouxin.fr\/index.php\/wp-json\/wp\/v2\/pages"}],"about":[{"href":"https:\/\/touttacotlimouxin.fr\/index.php\/wp-json\/wp\/v2\/types\/page"}],"author":[{"embeddable":true,"href":"https:\/\/touttacotlimouxin.fr\/index.php\/wp-json\/wp\/v2\/users\/1"}],"replies":[{"embeddable":true,"href":"https:\/\/touttacotlimouxin.fr\/index.php\/wp-json\/wp\/v2\/comments?post=208"}],"version-history":[{"count":0,"href":"https:\/\/touttacotlimouxin.fr\/index.php\/wp-json\/wp\/v2\/pages\/208\/revisions"}],"wp:attachment":[{"href":"https:\/\/touttacotlimouxin.fr\/index.php\/wp-json\/wp\/v2\/media?parent=208"}],"curies":[{"name":"wp","href":"https:\/\/api.w.org\/{rel}","templated":true}]}}