{"id":136,"date":"2024-02-15T19:31:53","date_gmt":"2024-02-15T18:31:53","guid":{"rendered":"https:\/\/touttacotlimouxin.fr\/?page_id=136"},"modified":"2025-08-05T11:41:35","modified_gmt":"2025-08-05T09:41:35","slug":"bourse-dechange","status":"publish","type":"page","link":"https:\/\/touttacotlimouxin.fr\/index.php\/bourse-dechange\/","title":{"rendered":"Bourse d&rsquo;echange 2026"},"content":{"rendered":"\n<p><strong>Les 1 et 2 Ao\u00fbt soit le 1er week-end d&rsquo;Ao\u00fbt 2026<\/strong> \u00e0 Limoux, de 8h \u00e0 18h, rendez-vous \u00e0 la <strong>19e Bourse d&rsquo;\u00e9changes<\/strong> autos, motos, tracteurs de Limoux. Entr\u00e9e gratuite, expositions et exposants. <strong>Dimanche 2 ao\u00fbt il y a un Vide grenier \u00e0 cot\u00e9 de la bourse.<\/strong><\/p>\n\n\n\n<h2 class=\"wp-block-heading\">Exposition<\/h2>\n\n\n\n<p>Environ <strong>60 exposants professionnels et particuliers<\/strong> seront pr\u00e9sent. Ils proposeront \u00e0 la vente des pi\u00e8ces d\u00e9tach\u00e9es m\u00e9caniques, accessoires, outillages&#8230; mais aussi de la documentation technique, revues et livres, des miniatures, des jouets, objets de d\u00e9coration&#8230; et tout ce qui est li\u00e9 de pr\u00e8s ou de loin \u00e0 la m\u00e9canique ancienne. Pour cette 18e \u00e9dition, les stands vintages, v\u00eatements et accessoires seront aussi pr\u00e9sents.<\/p>\n\n\n\n<p><strong>Les membres du club exposeront leurs voitures, tracteurs et motos anciennes.<\/strong> Les visiteurs venant avec leur v\u00e9hicule de collection pourront se garer gratuitement dans le parc r\u00e9serv\u00e9 \u00e0 l&rsquo;exposition, aux c\u00f4t\u00e9s de la bourse.<\/p>\n\n\n\n<figure class=\"wp-block-gallery has-nested-images columns-default is-cropped wp-block-gallery-1 is-layout-flex wp-block-gallery-is-layout-flex\">\n<figure class=\"wp-block-image size-full\"><img loading=\"lazy\" decoding=\"async\" width=\"1599\" height=\"899\" data-id=\"512\" src=\"https:\/\/touttacotlimouxin.fr\/wp-content\/uploads\/2024\/08\/WhatsApp-Image-2024-08-05-at-18.09.281.jpeg\" alt=\"\" class=\"wp-image-512\" srcset=\"https:\/\/touttacotlimouxin.fr\/wp-content\/uploads\/2024\/08\/WhatsApp-Image-2024-08-05-at-18.09.281.jpeg 1599w, https:\/\/touttacotlimouxin.fr\/wp-content\/uploads\/2024\/08\/WhatsApp-Image-2024-08-05-at-18.09.281-300x169.jpeg 300w, https:\/\/touttacotlimouxin.fr\/wp-content\/uploads\/2024\/08\/WhatsApp-Image-2024-08-05-at-18.09.281-1024x576.jpeg 1024w, https:\/\/touttacotlimouxin.fr\/wp-content\/uploads\/2024\/08\/WhatsApp-Image-2024-08-05-at-18.09.281-768x432.jpeg 768w, https:\/\/touttacotlimouxin.fr\/wp-content\/uploads\/2024\/08\/WhatsApp-Image-2024-08-05-at-18.09.281-1536x864.jpeg 1536w, https:\/\/touttacotlimouxin.fr\/wp-content\/uploads\/2024\/08\/WhatsApp-Image-2024-08-05-at-18.09.281-500x281.jpeg 500w, https:\/\/touttacotlimouxin.fr\/wp-content\/uploads\/2024\/08\/WhatsApp-Image-2024-08-05-at-18.09.281-24x13.jpeg 24w, https:\/\/touttacotlimouxin.fr\/wp-content\/uploads\/2024\/08\/WhatsApp-Image-2024-08-05-at-18.09.281-36x20.jpeg 36w, https:\/\/touttacotlimouxin.fr\/wp-content\/uploads\/2024\/08\/WhatsApp-Image-2024-08-05-at-18.09.281-48x27.jpeg 48w\" sizes=\"auto, (max-width: 1599px) 100vw, 1599px\" \/><\/figure>\n\n\n\n<figure class=\"wp-block-image size-full\"><img loading=\"lazy\" decoding=\"async\" width=\"1599\" height=\"899\" data-id=\"503\" src=\"https:\/\/touttacotlimouxin.fr\/wp-content\/uploads\/2024\/08\/WhatsApp-Image-2024-08-05-at-18.09.23.jpeg\" alt=\"\" class=\"wp-image-503\" srcset=\"https:\/\/touttacotlimouxin.fr\/wp-content\/uploads\/2024\/08\/WhatsApp-Image-2024-08-05-at-18.09.23.jpeg 1599w, https:\/\/touttacotlimouxin.fr\/wp-content\/uploads\/2024\/08\/WhatsApp-Image-2024-08-05-at-18.09.23-300x169.jpeg 300w, https:\/\/touttacotlimouxin.fr\/wp-content\/uploads\/2024\/08\/WhatsApp-Image-2024-08-05-at-18.09.23-1024x576.jpeg 1024w, https:\/\/touttacotlimouxin.fr\/wp-content\/uploads\/2024\/08\/WhatsApp-Image-2024-08-05-at-18.09.23-768x432.jpeg 768w, https:\/\/touttacotlimouxin.fr\/wp-content\/uploads\/2024\/08\/WhatsApp-Image-2024-08-05-at-18.09.23-1536x864.jpeg 1536w, https:\/\/touttacotlimouxin.fr\/wp-content\/uploads\/2024\/08\/WhatsApp-Image-2024-08-05-at-18.09.23-500x281.jpeg 500w, https:\/\/touttacotlimouxin.fr\/wp-content\/uploads\/2024\/08\/WhatsApp-Image-2024-08-05-at-18.09.23-24x13.jpeg 24w, https:\/\/touttacotlimouxin.fr\/wp-content\/uploads\/2024\/08\/WhatsApp-Image-2024-08-05-at-18.09.23-36x20.jpeg 36w, https:\/\/touttacotlimouxin.fr\/wp-content\/uploads\/2024\/08\/WhatsApp-Image-2024-08-05-at-18.09.23-48x27.jpeg 48w\" sizes=\"auto, (max-width: 1599px) 100vw, 1599px\" \/><\/figure>\n\n\n\n<figure class=\"wp-block-image size-full\"><img loading=\"lazy\" decoding=\"async\" width=\"1448\" height=\"816\" data-id=\"502\" src=\"https:\/\/touttacotlimouxin.fr\/wp-content\/uploads\/2024\/08\/WhatsApp-Image-2024-08-05-at-18.09.231.jpeg\" alt=\"\" class=\"wp-image-502\" srcset=\"https:\/\/touttacotlimouxin.fr\/wp-content\/uploads\/2024\/08\/WhatsApp-Image-2024-08-05-at-18.09.231.jpeg 1448w, https:\/\/touttacotlimouxin.fr\/wp-content\/uploads\/2024\/08\/WhatsApp-Image-2024-08-05-at-18.09.231-300x169.jpeg 300w, https:\/\/touttacotlimouxin.fr\/wp-content\/uploads\/2024\/08\/WhatsApp-Image-2024-08-05-at-18.09.231-1024x577.jpeg 1024w, https:\/\/touttacotlimouxin.fr\/wp-content\/uploads\/2024\/08\/WhatsApp-Image-2024-08-05-at-18.09.231-768x433.jpeg 768w, https:\/\/touttacotlimouxin.fr\/wp-content\/uploads\/2024\/08\/WhatsApp-Image-2024-08-05-at-18.09.231-500x282.jpeg 500w, https:\/\/touttacotlimouxin.fr\/wp-content\/uploads\/2024\/08\/WhatsApp-Image-2024-08-05-at-18.09.231-24x14.jpeg 24w, https:\/\/touttacotlimouxin.fr\/wp-content\/uploads\/2024\/08\/WhatsApp-Image-2024-08-05-at-18.09.231-36x20.jpeg 36w, https:\/\/touttacotlimouxin.fr\/wp-content\/uploads\/2024\/08\/WhatsApp-Image-2024-08-05-at-18.09.231-48x27.jpeg 48w\" sizes=\"auto, (max-width: 1448px) 100vw, 1448px\" \/><\/figure>\n<\/figure>\n\n\n\n<h2 class=\"wp-block-heading\">Tombola<\/h2>\n\n\n\n<p><strong>Ce sera une voiture, pr\u00eate \u00e0 prendre la route, qui sera \u00e0 gagner pour 2\u20ac50<\/strong>.<\/p>\n\n\n\n<p>Le tirage au sort sera effectu\u00e9 en fin de manifestation le dimanche 2 Ao\u00fbt \u00e0 16h00. Les gagnants seront avertis d\u00e8s que possible et \u00e9galement list\u00e9s sur cette page et dans la presse locale dans les jours suivants.<\/p>\n\n\n\n<p>Les tickets de loterie \u00e0 2\u20ac50 seront disponibles sur place, ou d\u00e8s maintenant :<\/p>\n\n\n\n<ul class=\"wp-block-list\">\n<li>aupr\u00e8s des membres du club,<\/li>\n\n\n\n<li>en adressant un ch\u00e8que et une enveloppe de retour \u00e0 <em>Tout Tacot Limouxin, 36 Avenue Oscar Roug\u00e9, 11300 Limoux,<\/em><\/li>\n<\/ul>\n\n\n\n<h2 class=\"wp-block-heading\">Localisation<\/h2>\n\n\n\n<p><strong>Dans l&rsquo;Aude (11) \u00e0 Limoux.<\/strong> La bourse se tiendra en ext\u00e9rieur, sur les terrains de sport du Complexe Sportif Louis Tr\u00e9mesaygues, derri\u00e8re les caves de Sieurs d&rsquo;Arques, route de Carcassonne. Un grand parking visiteur est mis \u00e0 disposition.<\/p>\n\n\n\n<h2 class=\"wp-block-heading\">Buvette et restauration<\/h2>\n\n\n\n<p>Caf\u00e9, bi\u00e8re, sodas mais aussi le Chardonnay et la Blanquette de Limoux vous seront propos\u00e9s.<br>Sandwichs saucisses ou ventr\u00eaches accompagn\u00e9s de barquettes de frites pour se rassasier \u00e0 l&rsquo;ombre.<\/p>\n\n\n\n<figure class=\"wp-block-gallery has-nested-images columns-default is-cropped wp-block-gallery-2 is-layout-flex wp-block-gallery-is-layout-flex\">\n<figure class=\"wp-block-image size-full\"><img loading=\"lazy\" decoding=\"async\" width=\"200\" height=\"150\" data-id=\"142\" src=\"https:\/\/touttacotlimouxin.fr\/wp-content\/uploads\/2024\/02\/2018_park2-fill-200x150-1.jpg\" alt=\"\" class=\"wp-image-142\" srcset=\"https:\/\/touttacotlimouxin.fr\/wp-content\/uploads\/2024\/02\/2018_park2-fill-200x150-1.jpg 200w, https:\/\/touttacotlimouxin.fr\/wp-content\/uploads\/2024\/02\/2018_park2-fill-200x150-1-24x18.jpg 24w, https:\/\/touttacotlimouxin.fr\/wp-content\/uploads\/2024\/02\/2018_park2-fill-200x150-1-36x27.jpg 36w, https:\/\/touttacotlimouxin.fr\/wp-content\/uploads\/2024\/02\/2018_park2-fill-200x150-1-48x36.jpg 48w\" sizes=\"auto, (max-width: 200px) 100vw, 200px\" \/><\/figure>\n\n\n\n<figure class=\"wp-block-image size-full\"><img loading=\"lazy\" decoding=\"async\" width=\"800\" height=\"600\" data-id=\"437\" src=\"https:\/\/touttacotlimouxin.fr\/wp-content\/uploads\/2024\/06\/bourse2023-02.jpg\" alt=\"\" class=\"wp-image-437\" srcset=\"https:\/\/touttacotlimouxin.fr\/wp-content\/uploads\/2024\/06\/bourse2023-02.jpg 800w, https:\/\/touttacotlimouxin.fr\/wp-content\/uploads\/2024\/06\/bourse2023-02-300x225.jpg 300w, https:\/\/touttacotlimouxin.fr\/wp-content\/uploads\/2024\/06\/bourse2023-02-768x576.jpg 768w, https:\/\/touttacotlimouxin.fr\/wp-content\/uploads\/2024\/06\/bourse2023-02-400x300.jpg 400w, https:\/\/touttacotlimouxin.fr\/wp-content\/uploads\/2024\/06\/bourse2023-02-24x18.jpg 24w, https:\/\/touttacotlimouxin.fr\/wp-content\/uploads\/2024\/06\/bourse2023-02-36x27.jpg 36w, https:\/\/touttacotlimouxin.fr\/wp-content\/uploads\/2024\/06\/bourse2023-02-48x36.jpg 48w\" sizes=\"auto, (max-width: 800px) 100vw, 800px\" \/><\/figure>\n\n\n\n<figure class=\"wp-block-image size-full\"><img loading=\"lazy\" decoding=\"async\" width=\"1448\" height=\"816\" data-id=\"507\" src=\"https:\/\/touttacotlimouxin.fr\/wp-content\/uploads\/2024\/08\/WhatsApp-Image-2024-08-05-at-18.09.271.jpeg\" alt=\"\" class=\"wp-image-507\" srcset=\"https:\/\/touttacotlimouxin.fr\/wp-content\/uploads\/2024\/08\/WhatsApp-Image-2024-08-05-at-18.09.271.jpeg 1448w, https:\/\/touttacotlimouxin.fr\/wp-content\/uploads\/2024\/08\/WhatsApp-Image-2024-08-05-at-18.09.271-300x169.jpeg 300w, https:\/\/touttacotlimouxin.fr\/wp-content\/uploads\/2024\/08\/WhatsApp-Image-2024-08-05-at-18.09.271-1024x577.jpeg 1024w, https:\/\/touttacotlimouxin.fr\/wp-content\/uploads\/2024\/08\/WhatsApp-Image-2024-08-05-at-18.09.271-768x433.jpeg 768w, https:\/\/touttacotlimouxin.fr\/wp-content\/uploads\/2024\/08\/WhatsApp-Image-2024-08-05-at-18.09.271-500x282.jpeg 500w, https:\/\/touttacotlimouxin.fr\/wp-content\/uploads\/2024\/08\/WhatsApp-Image-2024-08-05-at-18.09.271-24x14.jpeg 24w, https:\/\/touttacotlimouxin.fr\/wp-content\/uploads\/2024\/08\/WhatsApp-Image-2024-08-05-at-18.09.271-36x20.jpeg 36w, https:\/\/touttacotlimouxin.fr\/wp-content\/uploads\/2024\/08\/WhatsApp-Image-2024-08-05-at-18.09.271-48x27.jpeg 48w\" sizes=\"auto, (max-width: 1448px) 100vw, 1448px\" \/><\/figure>\n<\/figure>\n\n\n\n<h2 class=\"wp-block-heading\">Exposants<\/h2>\n\n\n\n<p><strong>Les inscriptions restent ouvertes jusqu&rsquo;au jour de la bourse.<\/strong> L&rsquo;installation sur les emplacements pourra se faire d\u00e8s 16h le vendredi apr\u00e8s-midi ou le samedi \u00e0 partir de 6h. Le gardiennage de nuit sera mis en place.<\/p>\n\n\n\n<p>Pour ceux qui viennent de loin, les camping-cars pourront sur le site de la manifestation. Pour ceux qui choisiront l&rsquo;h\u00f4tel, nous vous orientons vers l&rsquo;<a href=\"https:\/\/www.facebook.com\/pages\/Auberge-de-La-Corneilla\/141082669269720\" target=\"_blank\" rel=\"noreferrer noopener\">Auberge de La Corneilla<\/a> (04.68.31.17.84) ou l&rsquo;<a href=\"http:\/\/www.hotel-limoux.fr\/\" target=\"_blank\" rel=\"noreferrer noopener\">H\u00f4tel Limoux<\/a> (04 68 69 06 40) \u00e0 deux pas de la bourse.<\/p>\n\n\n\n<p>Le caf\u00e9 du matin sera offert. Les exposants seront invit\u00e9s \u00e0 l&rsquo;ap\u00e9ritif d&rsquo;honneur. Ceux qui resteront les 2 jours jusqu&rsquo;\u00e0 la fermeture se verront offrir une bouteille de Blanquette !<\/p>\n\n\n\n<p><strong>Tarifs des emplacements :<\/strong><\/p>\n\n\n\n<ul class=\"wp-block-list\">\n<li><strong>4\u20ac le m\u00e8tre lin\u00e9aire<\/strong><\/li>\n\n\n\n<li><strong>5\u20ac pour un v\u00e9hicule en vente (gratuit pour toute location d&rsquo;un stand),<\/strong><\/li>\n\n\n\n<li><strong>5\u20ac l&rsquo;option prise \u00e9lectrique<\/strong><\/li>\n<\/ul>\n\n\n\n<h2 class=\"wp-block-heading\">Contact et inscription<\/h2>\n\n\n\n<p>Pour de plus amples informations et r\u00e9servations, contactez-nous :<\/p>\n\n\n\n<ul class=\"wp-block-list\">\n<li><strong><a href=\"https:\/\/touttacotlimouxin.fr\/wp-content\/uploads\/2025\/04\/inscription-bourse-2025.pdf\" target=\"_blank\" rel=\"noreferrer noopener\">bulletin d&rsquo;inscription exposants<\/a><\/strong>&nbsp;\u00e0 t\u00e9l\u00e9charger et \u00e0 renvoyer,<\/li>\n\n\n\n<li>Pierre Fajal au 06 30 05 30 52<\/li>\n<\/ul>\n\n\n\n<figure class=\"wp-block-gallery has-nested-images columns-default is-cropped wp-block-gallery-3 is-layout-flex wp-block-gallery-is-layout-flex\">\n<figure class=\"wp-block-image size-large\"><img loading=\"lazy\" decoding=\"async\" width=\"1024\" height=\"577\" data-id=\"514\" src=\"https:\/\/touttacotlimouxin.fr\/wp-content\/uploads\/2024\/08\/WhatsApp-Image-2024-08-05-at-18.09.28-2-1024x577.jpeg\" alt=\"\" class=\"wp-image-514\" srcset=\"https:\/\/touttacotlimouxin.fr\/wp-content\/uploads\/2024\/08\/WhatsApp-Image-2024-08-05-at-18.09.28-2-1024x577.jpeg 1024w, https:\/\/touttacotlimouxin.fr\/wp-content\/uploads\/2024\/08\/WhatsApp-Image-2024-08-05-at-18.09.28-2-300x169.jpeg 300w, https:\/\/touttacotlimouxin.fr\/wp-content\/uploads\/2024\/08\/WhatsApp-Image-2024-08-05-at-18.09.28-2-768x433.jpeg 768w, https:\/\/touttacotlimouxin.fr\/wp-content\/uploads\/2024\/08\/WhatsApp-Image-2024-08-05-at-18.09.28-2-500x282.jpeg 500w, https:\/\/touttacotlimouxin.fr\/wp-content\/uploads\/2024\/08\/WhatsApp-Image-2024-08-05-at-18.09.28-2-24x14.jpeg 24w, https:\/\/touttacotlimouxin.fr\/wp-content\/uploads\/2024\/08\/WhatsApp-Image-2024-08-05-at-18.09.28-2-36x20.jpeg 36w, https:\/\/touttacotlimouxin.fr\/wp-content\/uploads\/2024\/08\/WhatsApp-Image-2024-08-05-at-18.09.28-2-48x27.jpeg 48w, https:\/\/touttacotlimouxin.fr\/wp-content\/uploads\/2024\/08\/WhatsApp-Image-2024-08-05-at-18.09.28-2.jpeg 1448w\" sizes=\"auto, (max-width: 1024px) 100vw, 1024px\" \/><\/figure>\n\n\n\n<figure class=\"wp-block-image size-large\"><img loading=\"lazy\" decoding=\"async\" width=\"1024\" height=\"577\" data-id=\"516\" src=\"https:\/\/touttacotlimouxin.fr\/wp-content\/uploads\/2024\/08\/WhatsApp-Image-2024-08-05-at-18.09.27-1024x577.jpeg\" alt=\"\" class=\"wp-image-516\" srcset=\"https:\/\/touttacotlimouxin.fr\/wp-content\/uploads\/2024\/08\/WhatsApp-Image-2024-08-05-at-18.09.27-1024x577.jpeg 1024w, https:\/\/touttacotlimouxin.fr\/wp-content\/uploads\/2024\/08\/WhatsApp-Image-2024-08-05-at-18.09.27-300x169.jpeg 300w, https:\/\/touttacotlimouxin.fr\/wp-content\/uploads\/2024\/08\/WhatsApp-Image-2024-08-05-at-18.09.27-768x433.jpeg 768w, https:\/\/touttacotlimouxin.fr\/wp-content\/uploads\/2024\/08\/WhatsApp-Image-2024-08-05-at-18.09.27-500x282.jpeg 500w, https:\/\/touttacotlimouxin.fr\/wp-content\/uploads\/2024\/08\/WhatsApp-Image-2024-08-05-at-18.09.27-24x14.jpeg 24w, https:\/\/touttacotlimouxin.fr\/wp-content\/uploads\/2024\/08\/WhatsApp-Image-2024-08-05-at-18.09.27-36x20.jpeg 36w, https:\/\/touttacotlimouxin.fr\/wp-content\/uploads\/2024\/08\/WhatsApp-Image-2024-08-05-at-18.09.27-48x27.jpeg 48w, https:\/\/touttacotlimouxin.fr\/wp-content\/uploads\/2024\/08\/WhatsApp-Image-2024-08-05-at-18.09.27.jpeg 1448w\" sizes=\"auto, (max-width: 1024px) 100vw, 1024px\" \/><\/figure>\n<\/figure>\n","protected":false},"excerpt":{"rendered":"<p>Les 1 et 2 Ao\u00fbt soit le 1er week-end d&rsquo;Ao\u00fbt 2026 \u00e0 Limoux, de 8h \u00e0 18h, rendez-vous \u00e0 la 19e Bourse d&rsquo;\u00e9changes autos, motos, tracteurs de Limoux. Entr\u00e9e gratuite, expositions et exposants. Dimanche 2 ao\u00fbt il y a un &hellip; <a href=\"https:\/\/touttacotlimouxin.fr\/index.php\/bourse-dechange\/\">Continuer la lecture <span class=\"meta-nav\">&rarr;<\/span><\/a><\/p>\n","protected":false},"author":1,"featured_media":0,"parent":0,"menu_order":0,"comment_status":"closed","ping_status":"closed","template":"","meta":{"footnotes":""},"class_list":["post-136","page","type-page","status-publish","hentry"],"yoast_head":"<!-- This site is optimized with the Yoast SEO plugin v27.4 - https:\/\/yoast.com\/product\/yoast-seo-wordpress\/ -->\n<title>Bourse d&#039;echange 2026 - Tout Tacot Limouxin<\/title>\n<meta name=\"robots\" content=\"index, follow, max-snippet:-1, max-image-preview:large, max-video-preview:-1\" \/>\n<link rel=\"canonical\" href=\"https:\/\/touttacotlimouxin.fr\/index.php\/bourse-dechange\/\" \/>\n<meta property=\"og:locale\" content=\"fr_FR\" \/>\n<meta property=\"og:type\" content=\"article\" \/>\n<meta property=\"og:title\" content=\"Bourse d&#039;echange 2026 - Tout Tacot Limouxin\" \/>\n<meta property=\"og:description\" content=\"Les 1 et 2 Ao\u00fbt soit le 1er week-end d&rsquo;Ao\u00fbt 2026 \u00e0 Limoux, de 8h \u00e0 18h, rendez-vous \u00e0 la 19e Bourse d&rsquo;\u00e9changes autos, motos, tracteurs de Limoux. Entr\u00e9e gratuite, expositions et exposants. Dimanche 2 ao\u00fbt il y a un &hellip; Continuer la lecture &rarr;\" \/>\n<meta property=\"og:url\" content=\"https:\/\/touttacotlimouxin.fr\/index.php\/bourse-dechange\/\" \/>\n<meta property=\"og:site_name\" content=\"Tout Tacot Limouxin\" \/>\n<meta property=\"article:publisher\" content=\"https:\/\/www.facebook.com\/touttacotlimouxin\" \/>\n<meta property=\"article:modified_time\" content=\"2025-08-05T09:41:35+00:00\" \/>\n<meta property=\"og:image\" content=\"https:\/\/touttacotlimouxin.fr\/wp-content\/uploads\/2024\/08\/WhatsApp-Image-2024-08-05-at-18.09.281.jpeg\" \/>\n\t<meta property=\"og:image:width\" content=\"1599\" \/>\n\t<meta property=\"og:image:height\" content=\"899\" \/>\n\t<meta property=\"og:image:type\" content=\"image\/jpeg\" \/>\n<meta name=\"twitter:card\" content=\"summary_large_image\" \/>\n<meta name=\"twitter:label1\" content=\"Dur\u00e9e de lecture estim\u00e9e\" \/>\n\t<meta name=\"twitter:data1\" content=\"4 minutes\" \/>\n<script type=\"application\/ld+json\" class=\"yoast-schema-graph\">{\"@context\":\"https:\\\/\\\/schema.org\",\"@graph\":[{\"@type\":\"WebPage\",\"@id\":\"https:\\\/\\\/touttacotlimouxin.fr\\\/index.php\\\/bourse-dechange\\\/\",\"url\":\"https:\\\/\\\/touttacotlimouxin.fr\\\/index.php\\\/bourse-dechange\\\/\",\"name\":\"Bourse d'echange 2026 - Tout Tacot Limouxin\",\"isPartOf\":{\"@id\":\"https:\\\/\\\/touttacotlimouxin.fr\\\/#website\"},\"primaryImageOfPage\":{\"@id\":\"https:\\\/\\\/touttacotlimouxin.fr\\\/index.php\\\/bourse-dechange\\\/#primaryimage\"},\"image\":{\"@id\":\"https:\\\/\\\/touttacotlimouxin.fr\\\/index.php\\\/bourse-dechange\\\/#primaryimage\"},\"thumbnailUrl\":\"https:\\\/\\\/touttacotlimouxin.fr\\\/wp-content\\\/uploads\\\/2024\\\/08\\\/WhatsApp-Image-2024-08-05-at-18.09.281.jpeg\",\"datePublished\":\"2024-02-15T18:31:53+00:00\",\"dateModified\":\"2025-08-05T09:41:35+00:00\",\"breadcrumb\":{\"@id\":\"https:\\\/\\\/touttacotlimouxin.fr\\\/index.php\\\/bourse-dechange\\\/#breadcrumb\"},\"inLanguage\":\"fr-FR\",\"potentialAction\":[{\"@type\":\"ReadAction\",\"target\":[\"https:\\\/\\\/touttacotlimouxin.fr\\\/index.php\\\/bourse-dechange\\\/\"]}]},{\"@type\":\"ImageObject\",\"inLanguage\":\"fr-FR\",\"@id\":\"https:\\\/\\\/touttacotlimouxin.fr\\\/index.php\\\/bourse-dechange\\\/#primaryimage\",\"url\":\"https:\\\/\\\/touttacotlimouxin.fr\\\/wp-content\\\/uploads\\\/2024\\\/08\\\/WhatsApp-Image-2024-08-05-at-18.09.281.jpeg\",\"contentUrl\":\"https:\\\/\\\/touttacotlimouxin.fr\\\/wp-content\\\/uploads\\\/2024\\\/08\\\/WhatsApp-Image-2024-08-05-at-18.09.281.jpeg\",\"width\":1599,\"height\":899},{\"@type\":\"BreadcrumbList\",\"@id\":\"https:\\\/\\\/touttacotlimouxin.fr\\\/index.php\\\/bourse-dechange\\\/#breadcrumb\",\"itemListElement\":[{\"@type\":\"ListItem\",\"position\":1,\"name\":\"Accueil\",\"item\":\"https:\\\/\\\/touttacotlimouxin.fr\\\/\"},{\"@type\":\"ListItem\",\"position\":2,\"name\":\"Bourse d&rsquo;echange 2026\"}]},{\"@type\":\"WebSite\",\"@id\":\"https:\\\/\\\/touttacotlimouxin.fr\\\/#website\",\"url\":\"https:\\\/\\\/touttacotlimouxin.fr\\\/\",\"name\":\"Tout Tacot Limouxin\",\"description\":\"\",\"publisher\":{\"@id\":\"https:\\\/\\\/touttacotlimouxin.fr\\\/#organization\"},\"potentialAction\":[{\"@type\":\"SearchAction\",\"target\":{\"@type\":\"EntryPoint\",\"urlTemplate\":\"https:\\\/\\\/touttacotlimouxin.fr\\\/?s={search_term_string}\"},\"query-input\":{\"@type\":\"PropertyValueSpecification\",\"valueRequired\":true,\"valueName\":\"search_term_string\"}}],\"inLanguage\":\"fr-FR\"},{\"@type\":\"Organization\",\"@id\":\"https:\\\/\\\/touttacotlimouxin.fr\\\/#organization\",\"name\":\"Tout Tacot Limouxin\",\"url\":\"https:\\\/\\\/touttacotlimouxin.fr\\\/\",\"logo\":{\"@type\":\"ImageObject\",\"inLanguage\":\"fr-FR\",\"@id\":\"https:\\\/\\\/touttacotlimouxin.fr\\\/#\\\/schema\\\/logo\\\/image\\\/\",\"url\":\"https:\\\/\\\/touttacotlimouxin.fr\\\/wp-content\\\/uploads\\\/2024\\\/02\\\/cropped-logo_ttl-2.png\",\"contentUrl\":\"https:\\\/\\\/touttacotlimouxin.fr\\\/wp-content\\\/uploads\\\/2024\\\/02\\\/cropped-logo_ttl-2.png\",\"width\":89,\"height\":89,\"caption\":\"Tout Tacot Limouxin\"},\"image\":{\"@id\":\"https:\\\/\\\/touttacotlimouxin.fr\\\/#\\\/schema\\\/logo\\\/image\\\/\"},\"sameAs\":[\"https:\\\/\\\/www.facebook.com\\\/touttacotlimouxin\"]}]}<\/script>\n<!-- \/ Yoast SEO plugin. -->","yoast_head_json":{"title":"Bourse d'echange 2026 - Tout Tacot Limouxin","robots":{"index":"index","follow":"follow","max-snippet":"max-snippet:-1","max-image-preview":"max-image-preview:large","max-video-preview":"max-video-preview:-1"},"canonical":"https:\/\/touttacotlimouxin.fr\/index.php\/bourse-dechange\/","og_locale":"fr_FR","og_type":"article","og_title":"Bourse d'echange 2026 - Tout Tacot Limouxin","og_description":"Les 1 et 2 Ao\u00fbt soit le 1er week-end d&rsquo;Ao\u00fbt 2026 \u00e0 Limoux, de 8h \u00e0 18h, rendez-vous \u00e0 la 19e Bourse d&rsquo;\u00e9changes autos, motos, tracteurs de Limoux. Entr\u00e9e gratuite, expositions et exposants. Dimanche 2 ao\u00fbt il y a un &hellip; Continuer la lecture &rarr;","og_url":"https:\/\/touttacotlimouxin.fr\/index.php\/bourse-dechange\/","og_site_name":"Tout Tacot Limouxin","article_publisher":"https:\/\/www.facebook.com\/touttacotlimouxin","article_modified_time":"2025-08-05T09:41:35+00:00","og_image":[{"width":1599,"height":899,"url":"https:\/\/touttacotlimouxin.fr\/wp-content\/uploads\/2024\/08\/WhatsApp-Image-2024-08-05-at-18.09.281.jpeg","type":"image\/jpeg"}],"twitter_card":"summary_large_image","twitter_misc":{"Dur\u00e9e de lecture estim\u00e9e":"4 minutes"},"schema":{"@context":"https:\/\/schema.org","@graph":[{"@type":"WebPage","@id":"https:\/\/touttacotlimouxin.fr\/index.php\/bourse-dechange\/","url":"https:\/\/touttacotlimouxin.fr\/index.php\/bourse-dechange\/","name":"Bourse d'echange 2026 - Tout Tacot Limouxin","isPartOf":{"@id":"https:\/\/touttacotlimouxin.fr\/#website"},"primaryImageOfPage":{"@id":"https:\/\/touttacotlimouxin.fr\/index.php\/bourse-dechange\/#primaryimage"},"image":{"@id":"https:\/\/touttacotlimouxin.fr\/index.php\/bourse-dechange\/#primaryimage"},"thumbnailUrl":"https:\/\/touttacotlimouxin.fr\/wp-content\/uploads\/2024\/08\/WhatsApp-Image-2024-08-05-at-18.09.281.jpeg","datePublished":"2024-02-15T18:31:53+00:00","dateModified":"2025-08-05T09:41:35+00:00","breadcrumb":{"@id":"https:\/\/touttacotlimouxin.fr\/index.php\/bourse-dechange\/#breadcrumb"},"inLanguage":"fr-FR","potentialAction":[{"@type":"ReadAction","target":["https:\/\/touttacotlimouxin.fr\/index.php\/bourse-dechange\/"]}]},{"@type":"ImageObject","inLanguage":"fr-FR","@id":"https:\/\/touttacotlimouxin.fr\/index.php\/bourse-dechange\/#primaryimage","url":"https:\/\/touttacotlimouxin.fr\/wp-content\/uploads\/2024\/08\/WhatsApp-Image-2024-08-05-at-18.09.281.jpeg","contentUrl":"https:\/\/touttacotlimouxin.fr\/wp-content\/uploads\/2024\/08\/WhatsApp-Image-2024-08-05-at-18.09.281.jpeg","width":1599,"height":899},{"@type":"BreadcrumbList","@id":"https:\/\/touttacotlimouxin.fr\/index.php\/bourse-dechange\/#breadcrumb","itemListElement":[{"@type":"ListItem","position":1,"name":"Accueil","item":"https:\/\/touttacotlimouxin.fr\/"},{"@type":"ListItem","position":2,"name":"Bourse d&rsquo;echange 2026"}]},{"@type":"WebSite","@id":"https:\/\/touttacotlimouxin.fr\/#website","url":"https:\/\/touttacotlimouxin.fr\/","name":"Tout Tacot Limouxin","description":"","publisher":{"@id":"https:\/\/touttacotlimouxin.fr\/#organization"},"potentialAction":[{"@type":"SearchAction","target":{"@type":"EntryPoint","urlTemplate":"https:\/\/touttacotlimouxin.fr\/?s={search_term_string}"},"query-input":{"@type":"PropertyValueSpecification","valueRequired":true,"valueName":"search_term_string"}}],"inLanguage":"fr-FR"},{"@type":"Organization","@id":"https:\/\/touttacotlimouxin.fr\/#organization","name":"Tout Tacot Limouxin","url":"https:\/\/touttacotlimouxin.fr\/","logo":{"@type":"ImageObject","inLanguage":"fr-FR","@id":"https:\/\/touttacotlimouxin.fr\/#\/schema\/logo\/image\/","url":"https:\/\/touttacotlimouxin.fr\/wp-content\/uploads\/2024\/02\/cropped-logo_ttl-2.png","contentUrl":"https:\/\/touttacotlimouxin.fr\/wp-content\/uploads\/2024\/02\/cropped-logo_ttl-2.png","width":89,"height":89,"caption":"Tout Tacot Limouxin"},"image":{"@id":"https:\/\/touttacotlimouxin.fr\/#\/schema\/logo\/image\/"},"sameAs":["https:\/\/www.facebook.com\/touttacotlimouxin"]}]}},"_links":{"self":[{"href":"https:\/\/touttacotlimouxin.fr\/index.php\/wp-json\/wp\/v2\/pages\/136","targetHints":{"allow":["GET"]}}],"collection":[{"href":"https:\/\/touttacotlimouxin.fr\/index.php\/wp-json\/wp\/v2\/pages"}],"about":[{"href":"https:\/\/touttacotlimouxin.fr\/index.php\/wp-json\/wp\/v2\/types\/page"}],"author":[{"embeddable":true,"href":"https:\/\/touttacotlimouxin.fr\/index.php\/wp-json\/wp\/v2\/users\/1"}],"replies":[{"embeddable":true,"href":"https:\/\/touttacotlimouxin.fr\/index.php\/wp-json\/wp\/v2\/comments?post=136"}],"version-history":[{"count":0,"href":"https:\/\/touttacotlimouxin.fr\/index.php\/wp-json\/wp\/v2\/pages\/136\/revisions"}],"wp:attachment":[{"href":"https:\/\/touttacotlimouxin.fr\/index.php\/wp-json\/wp\/v2\/media?parent=136"}],"curies":[{"name":"wp","href":"https:\/\/api.w.org\/{rel}","templated":true}]}}